{"id":57,"date":"2021-08-27T09:02:32","date_gmt":"2021-08-27T09:02:32","guid":{"rendered":"http:\/\/g3studio.hu\/?page_id=57"},"modified":"2026-03-09T10:13:51","modified_gmt":"2026-03-09T08:13:51","slug":"kapcsolat","status":"publish","type":"page","link":"https:\/\/g3studio.hu\/en\/kapcsolat\/","title":{"rendered":"Contact us"},"content":{"rendered":"\t\t<div data-elementor-type=\"wp-page\" data-elementor-id=\"57\" class=\"elementor elementor-57\">\n\t\t\t\t\t\t<section class=\"elementor-section elementor-top-section elementor-element elementor-element-82ba6f8 elementor-section-content-middle elementor-section-boxed elementor-section-height-default elementor-section-height-default\" data-id=\"82ba6f8\" data-element_type=\"section\" data-e-type=\"section\">\n\t\t\t\t\t\t<div class=\"elementor-container elementor-column-gap-default\">\n\t\t\t\t\t<div class=\"elementor-column elementor-col-33 elementor-top-column elementor-element elementor-element-dc211af\" data-id=\"dc211af\" data-element_type=\"column\" data-e-type=\"column\">\n\t\t\t<div class=\"elementor-widget-wrap elementor-element-populated\">\n\t\t\t\t\t\t<div class=\"elementor-element elementor-element-bef02d7 elementor-widget elementor-widget-heading\" data-id=\"bef02d7\" data-element_type=\"widget\" data-e-type=\"widget\" data-widget_type=\"heading.default\">\n\t\t\t\t<div class=\"elementor-widget-container\">\n\t\t\t\t\t<h2 class=\"elementor-heading-title elementor-size-default\">K\u00e9rd\u00e9sed van, vagy id\u0151pontot foglaln\u00e1l?<\/h2>\t\t\t\t<\/div>\n\t\t\t\t<\/div>\n\t\t\t\t<div class=\"elementor-element elementor-element-09fe96e elementor-widget elementor-widget-text-editor\" data-id=\"09fe96e\" data-element_type=\"widget\" data-e-type=\"widget\" data-widget_type=\"text-editor.default\">\n\t\t\t\t<div class=\"elementor-widget-container\">\n\t\t\t\t\t\t\t\t\t<p>Ha k\u00e9rd\u00e9sed van a st\u00fadi\u00f3val, vagy a b\u00e9rl\u00e9ssel kapcsolatban, h\u00edvj minket a <strong>+36 20 928 66 40<\/strong>-es sz\u00e1mon vagy \u00edrj nek\u00fcnk!<\/p><p><b>Telefonos el\u00e9rhet\u0151s\u00e9g:<\/b><br \/>H\u00e9tk\u00f6znap: 9:00\u201318:00<\/p><p><b>H\u00e9tv\u00e9gi \u00fcgyint\u00e9z\u00e9s:<\/b><br \/>H\u00e9tv\u00e9g\u00e9n e-mailben \u00e9rhet el minket, \u00e9s minden t\u0151l\u00fcnk telhet\u0151t megtesz\u00fcnk, hogy a lehet\u0151 legr\u00f6videbb id\u0151n bel\u00fcl v\u00e1laszoljunk megkeres\u00e9s\u00e9re.<\/p><p><b>Foglal\u00e1sok kezel\u00e9se:<\/b><br \/>Ha foglal\u00e1st szeretne v\u00e9gleges\u00edteni, az kiz\u00e1r\u00f3lag e-mailben lehets\u00e9ges a st\u00fadi\u00f3 meger\u0151s\u00edt\u00e9se ut\u00e1n.<\/p><p><b>Fontos inform\u00e1ci\u00f3<\/b><br \/>A st\u00fadi\u00f3 nyitvatart\u00e1sa \u00e9s szem\u00e9lyzeti jelenl\u00e9te csak az e-mailben el\u0151re leegyeztetett b\u00e9rl\u00e9sek eset\u00e9n garant\u00e1lt.<\/p>\t\t\t\t\t\t\t\t<\/div>\n\t\t\t\t<\/div>\n\t\t\t\t<div class=\"elementor-element elementor-element-80361f5 elementor-button-warning elementor-align-center elementor-widget elementor-widget-button\" data-id=\"80361f5\" data-element_type=\"widget\" data-e-type=\"widget\" data-widget_type=\"button.default\">\n\t\t\t\t<div class=\"elementor-widget-container\">\n\t\t\t\t\t\t\t\t\t<div class=\"elementor-button-wrapper\">\n\t\t\t\t\t<a class=\"elementor-button elementor-button-link elementor-size-sm\" href=\"#mielott-foglalnal\">\n\t\t\t\t\t\t<span class=\"elementor-button-content-wrapper\">\n\t\t\t\t\t\t<span class=\"elementor-button-icon\">\n\t\t\t\t<i aria-hidden=\"true\" class=\"fas fa-exclamation-triangle\"><\/i>\t\t\t<\/span>\n\t\t\t\t\t\t\t\t\t<span class=\"elementor-button-text\">Miel\u0151tt foglaln\u00e1l<\/span>\n\t\t\t\t\t<\/span>\n\t\t\t\t\t<\/a>\n\t\t\t\t<\/div>\n\t\t\t\t\t\t\t\t<\/div>\n\t\t\t\t<\/div>\n\t\t\t\t<div class=\"elementor-element elementor-element-990aa03 elementor-widget elementor-widget-wpforms\" data-id=\"990aa03\" data-element_type=\"widget\" data-e-type=\"widget\" data-widget_type=\"wpforms.default\">\n\t\t\t\t<div class=\"elementor-widget-container\">\n\t\t\t\t\t<div class=\"wpforms-container wpforms-container-full wpforms-render-modern\" id=\"wpforms-948\"><form id=\"wpforms-form-948\" class=\"wpforms-validate wpforms-form wpforms-ajax-form\" data-formid=\"948\" method=\"post\" enctype=\"multipart\/form-data\" action=\"\/en\/wp-json\/wp\/v2\/pages\/57\" data-token=\"49ae2d486711d2e2ae281b9a8cbce57f\" data-token-time=\"1776569648\"><noscript class=\"wpforms-error-noscript\">Please enable JavaScript in your browser to complete this form.<\/noscript><div id=\"wpforms-error-noscript\" style=\"display: none;\">Please enable JavaScript in your browser to complete this form.<\/div><div class=\"wpforms-field-container\"><div id=\"wpforms-948-field_4-container\" class=\"wpforms-field wpforms-field-text\" data-field-id=\"4\"><label class=\"wpforms-field-label\" for=\"wpforms-948-field_4\">Neved <span class=\"wpforms-required-label\" aria-hidden=\"true\">*<\/span><\/label><input type=\"text\" id=\"wpforms-948-field_4\" class=\"wpforms-field-medium wpforms-field-required\" name=\"wpforms[fields][4]\" aria-errormessage=\"wpforms-948-field_4-error\" required><\/div><div id=\"wpforms-948-field_1-container\" class=\"wpforms-field wpforms-field-email\" data-field-id=\"1\"><label class=\"wpforms-field-label\" for=\"wpforms-948-field_1\">Email c\u00edmed <span class=\"wpforms-required-label\" aria-hidden=\"true\">*<\/span><\/label><input type=\"email\" id=\"wpforms-948-field_1\" class=\"wpforms-field-medium wpforms-field-required\" name=\"wpforms[fields][1]\" spellcheck=\"false\" aria-errormessage=\"wpforms-948-field_1-error\" required><\/div>\t\t<div id=\"wpforms-948-field_3-container\"\n\t\t\tclass=\"wpforms-field wpforms-field-text\"\n\t\t\tdata-field-type=\"text\"\n\t\t\tdata-field-id=\"3\"\n\t\t\t>\n\t\t\t<label class=\"wpforms-field-label\" for=\"wpforms-948-field_3\" >p\u00e1r Email \u00edrd<\/label>\n\t\t\t<input type=\"text\" id=\"wpforms-948-field_3\" class=\"wpforms-field-medium\" name=\"wpforms[fields][3]\" >\n\t\t<\/div>\n\t\t<div id=\"wpforms-948-field_5-container\" class=\"wpforms-field wpforms-field-text\" data-field-id=\"5\"><label class=\"wpforms-field-label\" for=\"wpforms-948-field_5\">Telefonsz\u00e1mod<\/label><input type=\"text\" id=\"wpforms-948-field_5\" class=\"wpforms-field-medium\" name=\"wpforms[fields][5]\" aria-errormessage=\"wpforms-948-field_5-error\" ><\/div><div id=\"wpforms-948-field_2-container\" class=\"wpforms-field wpforms-field-textarea\" data-field-id=\"2\"><label class=\"wpforms-field-label\" for=\"wpforms-948-field_2\">K\u00e9rlek p\u00e1r sz\u00f3ban \u00edrd le a foglal\u00e1sod ig\u00e9nyeit (mikor, mett\u0151l meddig, fot\u00f3z\u00e1s vagy forgat\u00e1s, stb.)  <span class=\"wpforms-required-label\" aria-hidden=\"true\">*<\/span><\/label><textarea id=\"wpforms-948-field_2\" class=\"wpforms-field-medium wpforms-field-required\" name=\"wpforms[fields][2]\" aria-errormessage=\"wpforms-948-field_2-error\" aria-describedby=\"wpforms-948-field_2-description\" required><\/textarea><div id=\"wpforms-948-field_2-description\" class=\"wpforms-field-description\">K\u00e9rj\u00fck, hogy a foglal\u00e1shoz \u00edrd meg, hogy melyik nap, mikor \u00e9s h\u00e1ny \u00f3r\u00e1ra szeretn\u00e9l j\u00f6nni! P\u00e1r sz\u00f3ban \u00edrd le, mit szeretn\u00e9l csin\u00e1lni, hogy a lehet\u0151 legt\u00f6bbet tudjuk seg\u00edteni!<\/div><\/div><script>\n\t\t\t\t( function() {\n\t\t\t\t\tconst style = document.createElement( 'style' );\n\t\t\t\t\tstyle.appendChild( document.createTextNode( '#wpforms-948-field_3-container { position: absolute !important; overflow: hidden !important; display: inline !important; height: 1px !important; width: 1px !important; z-index: -1000 !important; padding: 0 !important; } #wpforms-948-field_3-container input { visibility: hidden; } #wpforms-conversational-form-page #wpforms-948-field_3-container label { counter-increment: none; }' ) );\n\t\t\t\t\tdocument.head.appendChild( style );\n\t\t\t\t\tdocument.currentScript?.remove();\n\t\t\t\t} )();\n\t\t\t<\/script><\/div><!-- .wpforms-field-container --><div class=\"wpforms-recaptcha-container wpforms-is-recaptcha wpforms-is-recaptcha-type-v3\" ><input type=\"hidden\" name=\"wpforms[recaptcha]\" value=\"\"><\/div><div class=\"wpforms-submit-container\" ><input type=\"hidden\" name=\"wpforms[id]\" value=\"948\"><input type=\"hidden\" name=\"page_title\" value=\"\"><input type=\"hidden\" name=\"page_url\" value=\"https:\/\/g3studio.hu\/en\/wp-json\/wp\/v2\/pages\/57\"><input type=\"hidden\" name=\"url_referer\" value=\"\"><button type=\"submit\" name=\"wpforms[submit]\" id=\"wpforms-submit-948\" class=\"wpforms-submit\" data-alt-text=\"K\u00fcld\u00e9s...\" data-submit-text=\"Elk\u00fcld\u00f6m\" aria-live=\"assertive\" value=\"wpforms-submit\">Elk\u00fcld\u00f6m<\/button><img decoding=\"async\" src=\"https:\/\/g3studio.hu\/wp-content\/plugins\/wpforms-lite\/assets\/images\/submit-spin.svg\" class=\"wpforms-submit-spinner\" style=\"display: none;\" width=\"26\" height=\"26\" alt=\"Loading\"><\/div><\/form><\/div>  <!-- .wpforms-container -->\t\t\t\t<\/div>\n\t\t\t\t<\/div>\n\t\t\t\t\t<\/div>\n\t\t<\/div>\n\t\t\t\t<div class=\"elementor-column elementor-col-66 elementor-top-column elementor-element elementor-element-5f42fc0\" data-id=\"5f42fc0\" data-element_type=\"column\" data-e-type=\"column\" data-settings=\"{&quot;background_background&quot;:&quot;classic&quot;}\">\n\t\t\t<div class=\"elementor-widget-wrap elementor-element-populated\">\n\t\t\t\t\t\t<div class=\"elementor-element elementor-element-468f247 kapcsoalt-card elementor-widget__width-initial elementor-widget elementor-widget-text-editor\" data-id=\"468f247\" data-element_type=\"widget\" data-e-type=\"widget\" id=\"kapcsolat-card\" data-widget_type=\"text-editor.default\">\n\t\t\t\t<div class=\"elementor-widget-container\">\n\t\t\t\t\t\t\t\t\t<p><img decoding=\"async\" style=\"margin-bottom: 32px; transform: translateX(-24px);\" src=\"http:\/\/g3studio.hu\/wp-content\/uploads\/2021\/08\/cim-kapcsolat.png\" \/><\/p><p style=\"font-family: Open Sans; font-style: normal; font-weight: 600; font-size: 12px; line-height: 24px; letter-spacing: 1px; text-transform: uppercase; color: #bcc6cc;\">Telefonsz\u00e1m<\/p><p style=\"font-family: Open Sans; font-style: normal; font-weight: normal; font-size: 15px; line-height: 24px; color: #011826; margin-bottom: 22px;\">+36 20 928 66 40 (H-P: <span>9:00\u201318:00<\/span>)<\/p><p style=\"font-family: Open Sans; font-style: normal; font-weight: 600; font-size: 12px; line-height: 24px; letter-spacing: 1px; text-transform: uppercase; color: #bcc6cc;\">C\u00edm<\/p><p style=\"font-family: Open Sans; font-style: normal; font-weight: normal; font-size: 14px; line-height: 24px; color: #011826; margin-bottom: 22px;\">1134 Budapest Taksony utca 1.<br \/>Bej\u00e1rat a 2-es sz\u00e1m\u00fa kapun\u00e1l!<\/p><p style=\"font-family: Open Sans; font-style: normal; font-weight: 600; font-size: 12px; line-height: 24px; letter-spacing: 1px; text-transform: uppercase; color: #bcc6cc;\">E-mail<\/p><p style=\"font-family: Open Sans; font-style: normal; font-weight: normal; font-size: 14px; line-height: 24px; color: #011826; margin-bottom: 42px;\"><a href=\"mailto:g3studiobp@gmail.com\">g3studiobp@gmail.com<\/a><\/p><p style=\"font-family: Open Sans; font-style: normal; font-weight: 600; font-size: 12px; line-height: 24px; letter-spacing: 1px; text-transform: uppercase; color: #bcc6cc;\">Nyitvatart\u00e1s:<\/p><p style=\"font-family: Open Sans; font-style: normal; font-weight: normal; font-size: 14px; line-height: 24px; color: #011826; margin-bottom: 22px;\">Minden nap 06:00-22:00 k\u00f6z\u00f6tt.<\/p>\t\t\t\t\t\t\t\t<\/div>\n\t\t\t\t<\/div>\n\t\t\t\t\t<\/div>\n\t\t<\/div>\n\t\t\t\t\t<\/div>\n\t\t<\/section>\n\t\t\t\t<section class=\"elementor-section elementor-top-section elementor-element elementor-element-befc629 elementor-section-boxed elementor-section-height-default elementor-section-height-default\" data-id=\"befc629\" data-element_type=\"section\" data-e-type=\"section\">\n\t\t\t\t\t\t<div class=\"elementor-container elementor-column-gap-default\">\n\t\t\t\t\t<div class=\"elementor-column elementor-col-100 elementor-top-column elementor-element elementor-element-96403fc\" data-id=\"96403fc\" data-element_type=\"column\" data-e-type=\"column\">\n\t\t\t<div class=\"elementor-widget-wrap elementor-element-populated\">\n\t\t\t\t\t\t<div class=\"elementor-element elementor-element-9510450 elementor-widget elementor-widget-spacer\" data-id=\"9510450\" data-element_type=\"widget\" data-e-type=\"widget\" id=\"mielott-foglalnal\" data-widget_type=\"spacer.default\">\n\t\t\t\t<div class=\"elementor-widget-container\">\n\t\t\t\t\t\t\t<div class=\"elementor-spacer\">\n\t\t\t<div class=\"elementor-spacer-inner\"><\/div>\n\t\t<\/div>\n\t\t\t\t\t\t<\/div>\n\t\t\t\t<\/div>\n\t\t\t\t\t<\/div>\n\t\t<\/div>\n\t\t\t\t\t<\/div>\n\t\t<\/section>\n\t\t\t\t<section class=\"elementor-section elementor-top-section elementor-element elementor-element-9ce734b elementor-section-boxed elementor-section-height-default elementor-section-height-default\" data-id=\"9ce734b\" data-element_type=\"section\" data-e-type=\"section\">\n\t\t\t\t\t\t<div class=\"elementor-container elementor-column-gap-default\">\n\t\t\t\t\t<div class=\"elementor-column elementor-col-100 elementor-top-column elementor-element elementor-element-758853a\" data-id=\"758853a\" data-element_type=\"column\" data-e-type=\"column\">\n\t\t\t<div class=\"elementor-widget-wrap elementor-element-populated\">\n\t\t\t\t\t\t<div class=\"elementor-element elementor-element-c6fc625 elementor-widget elementor-widget-text-editor\" data-id=\"c6fc625\" data-element_type=\"widget\" data-e-type=\"widget\" data-widget_type=\"text-editor.default\">\n\t\t\t\t<div class=\"elementor-widget-container\">\n\t\t\t\t\t\t\t\t\t<h3 data-renderer-start-pos=\"1\"><strong data-renderer-mark=\"true\">Id\u0151pont foglal\u00e1sa<\/strong><\/h3>\n<p data-renderer-start-pos=\"20\">Id\u0151pontot els\u0151sorban e-mailben tudtok foglalni, az al\u00e1bbi c\u00edmen: <a data-testid=\"link-with-safety\" href=\"mailto:g3studiobp@gmail.com\" title=\"mailto:g3studiobp@gmail.com\" data-renderer-mark=\"true\" class=\"css-1rn59kg\"><strong data-renderer-mark=\"true\">g3studiobp@gmail.com<\/strong><\/a>. Az emailben \u00edrjatok p\u00e1r sz\u00f3t a foglal\u00e1sr\u00f3l, melyik nap, mett\u0151l meddig szeretn\u00e9tek j\u00f6nni \u00e9s mit szeretn\u00e9tek csin\u00e1lni.<br \/>A st\u00fadi\u00f3 telefonsz\u00e1ma, amely b\u00e9rl\u00e9sek alatt, illetve h\u00e9tk\u00f6znap 9:00 \u00e9s 18:00 k\u00f6z\u00f6tt el\u00e9rhet\u0151: <strong data-renderer-mark=\"true\">+36 20 928 6640<\/strong>.<br \/>Ha nyitvatart\u00e1si id\u0151n k\u00edv\u00fcl szeretn\u00e9tek b\u00e9relni, k\u00e9rj\u00fck, keressetek minket a megadott el\u00e9rhet\u0151s\u00e9geinken.<br \/>Minden foglal\u00e1s csak \u00edr\u00e1sos visszaigazol\u00e1s ut\u00e1n v\u00e9gleges\u00edt\u00fcnk. Minden esetben k\u00fcld\u00fcnk egy meger\u0151s\u00edt\u00e9st, hogy r\u00f6gz\u00edtett\u00fck a foglal\u00e1sotokat. Amennyiben 1 napon bel\u00fcl nem kaptok visszaigazol\u00e1st e-mailben, k\u00e9rj\u00fck, vegy\u00e9tek fel vel\u00fcnk a kapcsolatot.<\/p>\n<p data-renderer-start-pos=\"686\"><\/p>\n<h3 data-renderer-start-pos=\"688\"><strong data-renderer-mark=\"true\">Id\u0151pont lemond\u00e1sa\/m\u00f3dos\u00edt\u00e1sa<\/strong><\/h3>\n<p data-renderer-start-pos=\"688\"><br \/>A lefoglalt id\u0151pontot megel\u0151z\u0151 48 \u00f3r\u00e1n bel\u00fcli lemond\u00e1s vagy m\u00f3dos\u00edt\u00e1s eset\u00e9n a b\u00e9rleti d\u00edj 50%-a, 24 \u00f3r\u00e1n bel\u00fcli lemond\u00e1s vagy m\u00f3dos\u00edt\u00e1s eset\u00e9n pedig a b\u00e9rleti d\u00edj 100%-a fizetend\u0151.<br \/>H\u00e1rom \u00f3r\u00e1n\u00e1l hosszabb vagy teljes st\u00fadi\u00f3s foglal\u00e1s eset\u00e9n 72 \u00f3r\u00e1n bel\u00fcli lemond\u00e1s eset\u00e9n a b\u00e9rleti d\u00edj 50%-\u00e1t, 24 \u00f3r\u00e1n bel\u00fcli lemond\u00e1s eset\u00e9n pedig 100%-\u00e1t kell megfizetni.<br \/>Lemond\u00e1st kiz\u00e1r\u00f3lag e-mailben fogadunk el.<br \/>A st\u00fadi\u00f3 fenntartja a jogot a foglal\u00e1sok sz\u00fcks\u00e9g szerinti m\u00f3dos\u00edt\u00e1s\u00e1ra, amelyr\u0151l \u00edr\u00e1sban el\u0151zetesen t\u00e1j\u00e9koztatunk, \u00e9s adott esetben megfelel\u0151 kompenz\u00e1ci\u00f3t is biztos\u00edtunk.<br \/>V\u00e9szhelyzetek (p\u00e9ld\u00e1ul \u00e1ramsz\u00fcnet vagy v\u00edzell\u00e1t\u00e1si probl\u00e9ma) eset\u00e9n fenntartjuk a jogot a foglal\u00e1sok t\u00f6rl\u00e9s\u00e9re. Hasonl\u00f3 esetekben minden t\u0151l\u00fcnk telhet\u0151t megtesz\u00fcnk alternat\u00edv megold\u00e1sok biztos\u00edt\u00e1sa \u00e9rdek\u00e9ben, illetve az \u00e9rintett b\u00e9rl\u00e9seket kompenz\u00e1ljuk.<\/p>\n<p data-renderer-start-pos=\"1541\"><\/p>\n<h3 data-renderer-start-pos=\"1543\"><strong data-renderer-mark=\"true\">\u00c9rkez\u00e9s<\/strong><\/h3>\n<p data-renderer-start-pos=\"1543\">St\u00fadi\u00f3nkban koll\u00e9g\u00e1nk v\u00e1r Titeket \u00e9rkez\u00e9skor, aki \u00e1tadja a termet a b\u00e9rl\u00e9sre. Amennyiben a b\u00e9rl\u00e9ssel kapcsolatban k\u00e9rd\u00e9s vagy probl\u00e9ma mer\u00fcl fel, hozz\u00e1 fordulhattok. \u0150 seg\u00edt a vakuk m\u0171k\u00f6d\u00e9s\u00e9ben, \u00e9s t\u0151le kapj\u00e1tok meg a vakukiold\u00f3t. Ha ezen fel\u00fcl technikai seg\u00edts\u00e9gre van sz\u00fcks\u00e9getek, vegy\u00e9tek ig\u00e9nybe asszisztensi szolg\u00e1ltat\u00e1sunkat.<br \/>Amennyiben 15 f\u0151n\u00e9l nagyobb l\u00e9tsz\u00e1mmal \u00e9rkeztek, k\u00e9rj\u00fck, el\u0151zetesen egyeztessetek vel\u00fcnk.<br \/>Forgat\u00e1s eset\u00e9n szint\u00e9n el\u0151zetes egyeztet\u00e9s sz\u00fcks\u00e9ges. Ha van r\u00e1 lehet\u0151s\u00e9getek, a foglal\u00e1s el\u0151tt gyertek el megtekinteni a st\u00fadi\u00f3t. Hasznos hangfelv\u00e9tel eset\u00e9n csak eg\u00e9sz st\u00fadi\u00f3t adunk b\u00e9rbe, mivel a teljes csendet csak akkor tudjuk garant\u00e1lni.<br \/>Ha olyan eszk\u00f6zt szeretn\u00e9tek haszn\u00e1lni, amely nincs el\u0151re el\u0151k\u00e9sz\u00edtve, k\u00e9rj\u00fck, jelezz\u00e9tek.<br \/>A foglal\u00e1s kiz\u00e1r\u00f3lag az \u00e1ltalatok b\u00e9relt teremre vonatkozik. K\u00e9rj\u00fck, tarts\u00e1tok tiszteletben, hogy m\u00e1sik terembe ne menjetek be. A st\u00fadi\u00f3 fenntartja a jogot a b\u00e9rl\u00e9s m\u00f3dos\u00edt\u00e1s\u00e1ra az 01-es \u00e9s 02-es terem k\u00f6z\u00f6tt, amennyiben nincs speci\u00e1lis ig\u00e9ny valamelyikre (p\u00e9ld\u00e1ul direkt napf\u00e9ny, fine art h\u00e1tt\u00e9r stb.), mivel a k\u00e9t terem szinte teljesen megegyezik. Ezzel kapcsolatos ig\u00e9nyeiteket k\u00e9rj\u00fck, jelezz\u00e9tek e-mailben.<br \/>A st\u00fadi\u00f3 az els\u0151 b\u00e9rl\u00e9s el\u0151tt 15 perccel nyit. A b\u00e9rl\u00e9si id\u0151 eg\u00e9sz \u00f3r\u00e1ra vonatkozik, ez\u00e9rt k\u00e9rj\u00fck, a termet pontosan, az \u00f3ra v\u00e9g\u00e9n hagyj\u00e1tok el, bele\u00e9rtve a kipakol\u00e1st is. Ha nincs ut\u00e1natok foglal\u00e1s, \u00e9s hosszabb\u00edtani szeretn\u00e9tek, jelezz\u00e9tek ezt a b\u00e9rl\u00e9s k\u00f6zben. Ha a fot\u00f3z\u00e1s\/forgat\u00e1s elh\u00faz\u00f3dna, \u00e9s ut\u00e1natok m\u00e1s \u00e9rkezik, a termet minden esetben id\u0151ben el kell hagyni.<br \/>A n\u00e1lunk felejtett t\u00e1rgyak\u00e9rt felel\u0151ss\u00e9get nem v\u00e1llalunk. Az elhagyott t\u00e1rgyakat 1 h\u00f3napig \u0151rizz\u00fck meg.<\/p>\n<p data-renderer-start-pos=\"3192\"><\/p>\n<h3 data-renderer-start-pos=\"3194\"><strong data-renderer-mark=\"true\">Berendez\u00e9s<\/strong><\/h3>\n<p data-renderer-start-pos=\"3194\">K\u00e9rj\u00fck, a termet \u00fagy adj\u00e1tok vissza, ahogy \u00e1tvett\u00e9tek. Az apr\u00f3bb t\u00e1rgyak visszarendez\u00e9s\u00e9ben sz\u00edvesen seg\u00edt\u00fcnk. A st\u00fadi\u00f3 fenntartja a jogot, hogy a b\u00e9rl\u00e9s v\u00e9g\u00e9n, de m\u00e9g a fizet\u00e9s el\u0151tt ellen\u0151rizze a termet \u00e9s az eszk\u00f6z\u00f6ket.<br \/>Amennyiben a st\u00fadi\u00f3 berendez\u00e9s\u00e9ben b\u00e1rmilyen k\u00e1r keletkezik a b\u00e9rl\u0151 hib\u00e1j\u00e1b\u00f3l, annak megt\u00e9r\u00edt\u00e9se a b\u00e9rl\u0151t terheli. Az okozott k\u00e1rt jogosultak vagyunk ut\u00f3lag is kisz\u00e1ml\u00e1zni.<br \/>Az \u00e9p\u00edtett feh\u00e9r h\u00e1tterek fot\u00f3z\u00e1sra \u00e9s apr\u00f3 mozdulatokra vannak kialak\u00edtva, \u00edgy a cip\u0151ben t\u00f6rt\u00e9n\u0151 t\u00e1nc \u00e9s a magassark\u00faban t\u00f6rt\u00e9n\u0151 extr\u00e9m mozdulat nem megengedett. Amennyiben ilyen elk\u00e9pzel\u00e9setek van, k\u00e9rj\u00fck mindenk\u00e9pp egyeztessetek vel\u00fcnk a b\u00e9rl\u00e9setek el\u0151tt err\u0151l, hogy seg\u00edthess\u00fcnk megold\u00e1st tal\u00e1lni. A h\u00e1tterek \u00edves holker r\u00e9sz\u00e9re tilos r\u00e1l\u00e9pni, mert a fel\u00fclet nem tiszt\u00edthat\u00f3 \u00e9s s\u00e9r\u00fcl\u00e9svesz\u00e9lyes. Az \u00fajrafest\u00e9s k\u00f6lts\u00e9ge 25.000 Ft, amelyet a b\u00e9rl\u0151nek meg kell t\u00e9r\u00edtenie, \u00e9s ut\u00f3lag is kisz\u00e1ml\u00e1zhat\u00f3.<\/p>\n<p data-renderer-start-pos=\"4103\"><\/p>\n<h3 data-renderer-start-pos=\"4105\"><strong data-renderer-mark=\"true\">Sminkel\u00e9s, \u00f6lt\u00f6z\u00e9s \u00e9s v\u00e1rakoz\u00e1s<\/strong><\/h3>\n<p data-renderer-start-pos=\"4105\">V\u00e1rakozni a st\u00fadi\u00f3 el\u0151ter\u00e9ben lehet, sminkel\u00e9sre \u00e9s \u00f6lt\u00f6zk\u00f6d\u00e9sre a teremben, az erre kialak\u00edtott r\u00e9szen van lehet\u0151s\u00e9g, amely a b\u00e9rl\u00e9si id\u0151be beletartozik.<\/p>\n<p data-renderer-start-pos=\"4293\"><\/p>\n<h3 data-renderer-start-pos=\"4295\"><strong data-renderer-mark=\"true\">Fot\u00f3z\u00e1si l\u00e9tsz\u00e1m<\/strong><\/h3>\n<p data-renderer-start-pos=\"4295\">Termeink 15 f\u0151ig probl\u00e9ma n\u00e9lk\u00fcl ig\u00e9nybe vehet\u0151ek. Enn\u00e9l nagyobb l\u00e9tsz\u00e1m eset\u00e9n k\u00e9rj\u00fck, egyeztessetek vel\u00fcnk.<\/p>\n<p data-renderer-start-pos=\"4423\"><\/p>\n<h3 data-renderer-start-pos=\"4425\"><strong data-renderer-mark=\"true\">Kutya, macska, kis\u00e1llat<\/strong><\/h3>\n<p data-renderer-start-pos=\"4425\"><br \/>A st\u00fadi\u00f3 kis\u00e1llatbar\u00e1t, azonban kuty\u00e1val \u00e9rkez\u00e9s eset\u00e9n n\u00e9h\u00e1ny k\u00e9r\u00e9s\u00fcnk van: csak szobatiszta \u00e9s bar\u00e1ts\u00e1gos kuty\u00e1t hozzatok. A kuty\u00e1t ne engedj\u00e9tek a kanap\u00e9ra, \u00e9s biztos\u00edtsatok sz\u00e1m\u00e1ra fekhelyet. Kuty\u00e1s fot\u00f3z\u00e1s eset\u00e9n k\u00fcl\u00f6n\u00f6sen figyeljetek a b\u00e9rl\u00e9si id\u0151 v\u00e9g\u00e9re, hogy a k\u00f6vetkez\u0151 b\u00e9rl\u00e9s el\u0151tt legyen id\u0151 kitakar\u00edtani a termet. Ha kett\u0151n\u00e9l t\u00f6bb kuty\u00e1val \u00e9rkeztek, egy plusz \u00f3r\u00e1t sz\u00e1m\u00edtunk fel, hogy megfelel\u0151en ki tudjuk takar\u00edtani \u00e9s szell\u0151ztetni a helyet.<\/p>\n<p><!-- \/wp:paragraph --><\/p>\t\t\t\t\t\t\t\t<\/div>\n\t\t\t\t<\/div>\n\t\t\t\t\t<\/div>\n\t\t<\/div>\n\t\t\t\t\t<\/div>\n\t\t<\/section>\n\t\t\t\t<section class=\"elementor-section elementor-top-section elementor-element elementor-element-2e377c1 elementor-section-boxed elementor-section-height-default elementor-section-height-default\" data-id=\"2e377c1\" data-element_type=\"section\" data-e-type=\"section\">\n\t\t\t\t\t\t<div class=\"elementor-container elementor-column-gap-default\">\n\t\t\t\t\t<div class=\"elementor-column elementor-col-100 elementor-top-column elementor-element elementor-element-27556d3\" data-id=\"27556d3\" data-element_type=\"column\" data-e-type=\"column\">\n\t\t\t<div class=\"elementor-widget-wrap elementor-element-populated\">\n\t\t\t\t\t\t<div class=\"elementor-element elementor-element-9546186 elementor-align-center elementor-widget elementor-widget-button\" data-id=\"9546186\" data-element_type=\"widget\" data-e-type=\"widget\" data-widget_type=\"button.default\">\n\t\t\t\t<div class=\"elementor-widget-container\">\n\t\t\t\t\t\t\t\t\t<div class=\"elementor-button-wrapper\">\n\t\t\t\t\t<a class=\"elementor-button elementor-button-link elementor-size-sm\" href=\"https:\/\/g3studio.hu\/altalanos-szerzodesi-feltetelek\/\">\n\t\t\t\t\t\t<span class=\"elementor-button-content-wrapper\">\n\t\t\t\t\t\t<span class=\"elementor-button-icon\">\n\t\t\t\t<i aria-hidden=\"true\" class=\"fas fa-file-contract\"><\/i>\t\t\t<\/span>\n\t\t\t\t\t\t\t\t\t<span class=\"elementor-button-text\">\u00c1ltal\u00e1nos Szerz\u0151d\u00e9si Felt\u00e9telek<\/span>\n\t\t\t\t\t<\/span>\n\t\t\t\t\t<\/a>\n\t\t\t\t<\/div>\n\t\t\t\t\t\t\t\t<\/div>\n\t\t\t\t<\/div>\n\t\t\t\t\t<\/div>\n\t\t<\/div>\n\t\t\t\t\t<\/div>\n\t\t<\/section>\n\t\t\t\t<\/div>\n\t\t","protected":false},"excerpt":{"rendered":"<p>K\u00e9rd\u00e9sed van, vagy id\u0151pontot foglaln\u00e1l? Ha k\u00e9rd\u00e9sed van a st\u00fadi\u00f3val, vagy a b\u00e9rl\u00e9ssel kapcsolatban, h\u00edvj minket a +36 20 928 66 40-es sz\u00e1mon vagy \u00edrj nek\u00fcnk! Telefonos el\u00e9rhet\u0151s\u00e9g:H\u00e9tk\u00f6znap: 9:00\u201318:00 H\u00e9tv\u00e9gi \u00fcgyint\u00e9z\u00e9s:H\u00e9tv\u00e9g\u00e9n e-mailben \u00e9rhet el minket, \u00e9s minden t\u0151l\u00fcnk telhet\u0151t megtesz\u00fcnk, hogy a lehet\u0151 legr\u00f6videbb id\u0151n bel\u00fcl v\u00e1laszoljunk megkeres\u00e9s\u00e9re. Foglal\u00e1sok kezel\u00e9se:Ha [&hellip;]<\/p>\n","protected":false},"author":8,"featured_media":0,"parent":0,"menu_order":0,"comment_status":"closed","ping_status":"closed","template":"page-templates\/template-pagebuilder-full-width.php","meta":{"footnotes":""},"class_list":["post-57","page","type-page","status-publish","hentry"],"aioseo_notices":[],"_links":{"self":[{"href":"https:\/\/g3studio.hu\/en\/wp-json\/wp\/v2\/pages\/57","targetHints":{"allow":["GET"]}}],"collection":[{"href":"https:\/\/g3studio.hu\/en\/wp-json\/wp\/v2\/pages"}],"about":[{"href":"https:\/\/g3studio.hu\/en\/wp-json\/wp\/v2\/types\/page"}],"author":[{"embeddable":true,"href":"https:\/\/g3studio.hu\/en\/wp-json\/wp\/v2\/users\/8"}],"replies":[{"embeddable":true,"href":"https:\/\/g3studio.hu\/en\/wp-json\/wp\/v2\/comments?post=57"}],"version-history":[{"count":174,"href":"https:\/\/g3studio.hu\/en\/wp-json\/wp\/v2\/pages\/57\/revisions"}],"predecessor-version":[{"id":3970,"href":"https:\/\/g3studio.hu\/en\/wp-json\/wp\/v2\/pages\/57\/revisions\/3970"}],"wp:attachment":[{"href":"https:\/\/g3studio.hu\/en\/wp-json\/wp\/v2\/media?parent=57"}],"curies":[{"name":"wp","href":"https:\/\/api.w.org\/{rel}","templated":true}]}}