{"id":4120,"date":"2025-10-17T12:33:05","date_gmt":"2025-10-17T10:33:05","guid":{"rendered":"https:\/\/g3studio.hu\/?page_id=4120"},"modified":"2026-03-09T10:13:55","modified_gmt":"2026-03-09T08:13:55","slug":"karacsonyi-fotozas","status":"publish","type":"page","link":"https:\/\/g3studio.hu\/en\/karacsonyi-fotozas\/","title":{"rendered":"Christmas photoshoot"},"content":{"rendered":"<div data-elementor-type=\"wp-page\" data-elementor-id=\"4120\" class=\"elementor elementor-4120\">\n\t\t\t\t\t\t<section class=\"elementor-section elementor-top-section elementor-element elementor-element-236712ab elementor-section-boxed elementor-section-height-default elementor-section-height-default\" data-id=\"236712ab\" data-element_type=\"section\" data-e-type=\"section\">\n\t\t\t\t\t\t<div class=\"elementor-container elementor-column-gap-extended\">\n\t\t\t\t\t<div class=\"elementor-column elementor-col-100 elementor-top-column elementor-element elementor-element-12e68d61\" data-id=\"12e68d61\" data-element_type=\"column\" data-e-type=\"column\">\n\t\t\t<div class=\"elementor-widget-wrap elementor-element-populated\">\n\t\t\t\t\t\t<div class=\"elementor-element elementor-element-60afa28 elementor-widget elementor-widget-heading\" data-id=\"60afa28\" data-element_type=\"widget\" data-e-type=\"widget\" data-widget_type=\"heading.default\">\n\t\t\t\t<div class=\"elementor-widget-container\">\n\t\t\t\t\t<h2 class=\"elementor-heading-title elementor-size-default\">Do you need a professional Christmas photoshoot?<\/h2>\t\t\t\t<\/div>\n\t\t\t\t<\/div>\n\t\t\t\t<div class=\"elementor-element elementor-element-1a48f964 elementor-widget__width-initial elementor-widget elementor-widget-text-editor\" data-id=\"1a48f964\" data-element_type=\"widget\" data-e-type=\"widget\" data-widget_type=\"text-editor.default\">\n\t\t\t\t<div class=\"elementor-widget-container\">\n\t\t\t\t\t\t\t\t\t<p><span style=\"font-size: medium;\">Would you like to capture the most beautiful moments of this Christmas?<\/span><br data-start=\"173\" data-end=\"176\" \/><span style=\"font-size: medium;\">The\u00a0<\/span><strong data-start=\"178\" data-end=\"191\">G3 Studio<\/strong><span style=\"font-size: medium;\">\u00a0welcomes you with a festive Christmas photoshoot \u2014 whether it\u2019s family portraits, couple sessions, children\u2019s photos, or even corporate Christmas portraits. Our cozy, decorated interiors and professional photographers ensure that unforgettable memories are created.<\/span><\/p>\t\t\t\t\t\t\t\t<\/div>\n\t\t\t\t<\/div>\n\t\t\t\t<div class=\"elementor-element elementor-element-7f8d18e elementor-widget-divider--view-line elementor-widget elementor-widget-divider\" data-id=\"7f8d18e\" data-element_type=\"widget\" data-e-type=\"widget\" data-widget_type=\"divider.default\">\n\t\t\t\t<div class=\"elementor-widget-container\">\n\t\t\t\t\t\t\t<div class=\"elementor-divider\">\n\t\t\t<span class=\"elementor-divider-separator\">\n\t\t\t\t\t\t<\/span>\n\t\t<\/div>\n\t\t\t\t\t\t<\/div>\n\t\t\t\t<\/div>\n\t\t\t\t<div class=\"elementor-element elementor-element-0832d5e elementor-widget elementor-widget-heading\" data-id=\"0832d5e\" data-element_type=\"widget\" data-e-type=\"widget\" data-widget_type=\"heading.default\">\n\t\t\t\t<div class=\"elementor-widget-container\">\n\t\t\t\t\t<h2 class=\"elementor-heading-title elementor-size-default\">25 years of experience in photography<\/h2>\t\t\t\t<\/div>\n\t\t\t\t<\/div>\n\t\t\t\t<div class=\"elementor-element elementor-element-acb6d76 elementor-widget elementor-widget-text-editor\" data-id=\"acb6d76\" data-element_type=\"widget\" data-e-type=\"widget\" data-widget_type=\"text-editor.default\">\n\t\t\t\t<div class=\"elementor-widget-container\">\n\t\t\t\t\t\t\t\t\t<p data-start=\"512\" data-end=\"762\">With more than\u00a0<strong data-start=\"522\" data-end=\"546\">25 years of experience<\/strong>\u00a0in the world of photography, G3 Studio delivers the highest level of quality. Our photos not only enhance family albums but are also perfect for Christmas greeting cards, gifts, or social media sharing.<\/p><p data-start=\"764\" data-end=\"955\">Our previous partners include well-known brands such as\u00a0<strong data-start=\"827\" data-end=\"834\">TV2<\/strong>,\u00a0<strong data-start=\"836\" data-end=\"849\">Mayo Chix<\/strong>,\u00a0<strong data-start=\"851\" data-end=\"863\">RTL Klub<\/strong>\u00a0or\u00a0<strong data-start=\"871\" data-end=\"880\">Dorko<\/strong>\u00a0\u2013 with us, quality is guaranteed, whether it\u2019s a business or family photoshoot.<\/p>\t\t\t\t\t\t\t\t<\/div>\n\t\t\t\t<\/div>\n\t\t\t\t<div class=\"elementor-element elementor-element-715ca96 elementor-widget elementor-widget-text-editor\" data-id=\"715ca96\" data-element_type=\"widget\" data-e-type=\"widget\" data-widget_type=\"text-editor.default\">\n\t\t\t\t<div class=\"elementor-widget-container\">\n\t\t\t\t\t\t\t\t\t<p><span>Get in touch <\/span><a href=\"https:\/\/g3studio.hu\/en\/kapcsolat\/\" target=\"_blank\" rel=\"noopener\">with us<\/a><span>and let\u2019s discuss the details!<\/span><\/p>\t\t\t\t\t\t\t\t<\/div>\n\t\t\t\t<\/div>\n\t\t\t\t\t<\/div>\n\t\t<\/div>\n\t\t\t\t\t<\/div>\n\t\t<\/section>\n\t\t\t\t<section class=\"elementor-section elementor-top-section elementor-element elementor-element-db6e859 elementor-section-content-middle elementor-section-boxed elementor-section-height-default elementor-section-height-default\" data-id=\"db6e859\" data-element_type=\"section\" data-e-type=\"section\">\n\t\t\t\t\t\t<div class=\"elementor-container elementor-column-gap-no\">\n\t\t\t\t\t<div class=\"elementor-column elementor-col-33 elementor-top-column elementor-element elementor-element-4804011 card-price-small\" data-id=\"4804011\" data-element_type=\"column\" data-e-type=\"column\">\n\t\t\t<div class=\"elementor-widget-wrap elementor-element-populated\">\n\t\t\t\t\t\t<div class=\"elementor-element elementor-element-3dec74a elementor-widget elementor-widget-image\" data-id=\"3dec74a\" data-element_type=\"widget\" data-e-type=\"widget\" data-widget_type=\"image.default\">\n\t\t\t\t<div class=\"elementor-widget-container\">\n\t\t\t\t\t\t\t\t\t\t\t\t\t\t\t<img decoding=\"async\" width=\"100\" height=\"100\" src=\"https:\/\/g3studio.hu\/wp-content\/uploads\/2025\/10\/csomag.png\" class=\"attachment-large size-large wp-image-4129\" alt=\"csomag\" srcset=\"https:\/\/g3studio.hu\/wp-content\/uploads\/2025\/10\/csomag.png 100w, https:\/\/g3studio.hu\/wp-content\/uploads\/2025\/10\/csomag-12x12.png 12w\" sizes=\"(max-width: 100px) 100vw, 100px\" title=\"Csomag   g3 st\u00fadi\u00f3\" \/>\t\t\t\t\t\t\t\t\t\t\t\t\t\t\t<\/div>\n\t\t\t\t<\/div>\n\t\t\t\t<div class=\"elementor-element elementor-element-0a2fe88 elementor-widget elementor-widget-heading\" data-id=\"0a2fe88\" data-element_type=\"widget\" data-e-type=\"widget\" data-widget_type=\"heading.default\">\n\t\t\t\t<div class=\"elementor-widget-container\">\n\t\t\t\t\t<h2 class=\"elementor-heading-title elementor-size-default\">Basic package<\/h2>\t\t\t\t<\/div>\n\t\t\t\t<\/div>\n\t\t\t\t<div class=\"elementor-element elementor-element-9c7216d elementor-widget elementor-widget-text-editor\" data-id=\"9c7216d\" data-element_type=\"widget\" data-e-type=\"widget\" data-widget_type=\"text-editor.default\">\n\t\t\t\t<div class=\"elementor-widget-container\">\n\t\t\t\t\t\t\t\t\t<ul><li data-prosemirror-content-type=\"node\" data-prosemirror-node-name=\"paragraph\" data-prosemirror-node-block=\"true\" data-pm-slice=\"1 1 []\">45,000 HUF + VAT \/ 30-minute photoshoot<\/li><li data-prosemirror-content-type=\"node\" data-prosemirror-node-name=\"paragraph\" data-prosemirror-node-block=\"true\" data-pm-slice=\"1 1 []\">5 fully retouched photos + all well-shot images color-corrected<\/li><\/ul><ul><\/ul>\t\t\t\t\t\t\t\t<\/div>\n\t\t\t\t<\/div>\n\t\t\t\t<section class=\"elementor-section elementor-inner-section elementor-element elementor-element-6dec748 elementor-section-content-middle elementor-section-boxed elementor-section-height-default elementor-section-height-default\" data-id=\"6dec748\" data-element_type=\"section\" data-e-type=\"section\">\n\t\t\t\t\t\t<div class=\"elementor-container elementor-column-gap-no\">\n\t\t\t\t\t<div class=\"elementor-column elementor-col-100 elementor-inner-column elementor-element elementor-element-d46f2ca\" data-id=\"d46f2ca\" data-element_type=\"column\" data-e-type=\"column\">\n\t\t\t<div class=\"elementor-widget-wrap elementor-element-populated\">\n\t\t\t\t\t\t<div class=\"elementor-element elementor-element-aaa7c8c elementor-widget elementor-widget-text-editor\" data-id=\"aaa7c8c\" data-element_type=\"widget\" data-e-type=\"widget\" data-widget_type=\"text-editor.default\">\n\t\t\t\t<div class=\"elementor-widget-container\">\n\t\t\t\t\t\t\t\t\t<div><h2 style=\"font-weight: 600; font-size: 40px; line-height: 40px; color: #011826; margin: 0; padding: 0;\">45 000<\/h2><p style=\"font-weight: 600; font-size: 12px; line-height: 12px; color: #3f4f59; margin: 0;\">HUF \/ 30 MINUTES<\/p><\/div>\t\t\t\t\t\t\t\t<\/div>\n\t\t\t\t<\/div>\n\t\t\t\t<div class=\"elementor-element elementor-element-1164df9 elementor-align-center cto-button elementor-widget elementor-widget-button\" data-id=\"1164df9\" data-element_type=\"widget\" data-e-type=\"widget\" data-widget_type=\"button.default\">\n\t\t\t\t<div class=\"elementor-widget-container\">\n\t\t\t\t\t\t\t\t\t<div class=\"elementor-button-wrapper\">\n\t\t\t\t\t<a class=\"elementor-button elementor-button-link elementor-size-sm\" href=\"http:\/\/g3studio.hu\/en\/elerhetosegek\/\">\n\t\t\t\t\t\t<span class=\"elementor-button-content-wrapper\">\n\t\t\t\t\t\t<span class=\"elementor-button-icon\">\n\t\t\t\t<svg xmlns=\"http:\/\/www.w3.org\/2000\/svg\" width=\"16\" height=\"16\" viewbox=\"0 0 16 16\" fill=\"none\"><path d=\"M8.00413 16C12.3775 16 16 12.3756 16 8C16 3.62436 12.3693 0 7.99587 0C3.62249 0 0 3.62436 0 8C0 12.3756 3.63074 16 8.00413 16ZM8.00413 14.58C4.35688 14.58 1.43579 11.6491 1.43579 8C1.43579 4.35088 4.34863 1.42002 7.99587 1.42002C11.6431 1.42002 14.5725 4.35088 14.5807 8C14.589 11.6491 11.6514 14.58 8.00413 14.58ZM3.96906 8.89164H7.99587C8.31769 8.89164 8.56524 8.64396 8.56524 8.31373V3.10423C8.56524 2.79051 8.31769 2.53457 7.99587 2.53457C7.67406 2.53457 7.42651 2.79051 7.42651 3.10423V7.75232H3.96906C3.64724 7.75232 3.39969 8 3.39969 8.31373C3.39969 8.64396 3.64724 8.89164 3.96906 8.89164Z\" fill=\"#FCFEFF\"><\/path><\/svg>\t\t\t<\/span>\n\t\t\t\t\t\t\t\t\t<span class=\"elementor-button-text\">Book studio<\/span>\n\t\t\t\t\t<\/span>\n\t\t\t\t\t<\/a>\n\t\t\t\t<\/div>\n\t\t\t\t\t\t\t\t<\/div>\n\t\t\t\t<\/div>\n\t\t\t\t\t<\/div>\n\t\t<\/div>\n\t\t\t\t\t<\/div>\n\t\t<\/section>\n\t\t\t\t\t<\/div>\n\t\t<\/div>\n\t\t\t\t<div class=\"elementor-column elementor-col-33 elementor-top-column elementor-element elementor-element-347589b card-price-small\" data-id=\"347589b\" data-element_type=\"column\" data-e-type=\"column\">\n\t\t\t<div class=\"elementor-widget-wrap elementor-element-populated\">\n\t\t\t\t\t\t<div class=\"elementor-element elementor-element-c3017fd elementor-widget elementor-widget-image\" data-id=\"c3017fd\" data-element_type=\"widget\" data-e-type=\"widget\" data-widget_type=\"image.default\">\n\t\t\t\t<div class=\"elementor-widget-container\">\n\t\t\t\t\t\t\t\t\t\t\t\t\t\t\t<img decoding=\"async\" width=\"100\" height=\"100\" src=\"https:\/\/g3studio.hu\/wp-content\/uploads\/2025\/10\/csomag.png\" class=\"attachment-large size-large wp-image-4129\" alt=\"csomag\" srcset=\"https:\/\/g3studio.hu\/wp-content\/uploads\/2025\/10\/csomag.png 100w, https:\/\/g3studio.hu\/wp-content\/uploads\/2025\/10\/csomag-12x12.png 12w\" sizes=\"(max-width: 100px) 100vw, 100px\" title=\"Csomag   g3 st\u00fadi\u00f3\" \/>\t\t\t\t\t\t\t\t\t\t\t\t\t\t\t<\/div>\n\t\t\t\t<\/div>\n\t\t\t\t<div class=\"elementor-element elementor-element-687be03 elementor-widget elementor-widget-heading\" data-id=\"687be03\" data-element_type=\"widget\" data-e-type=\"widget\" data-widget_type=\"heading.default\">\n\t\t\t\t<div class=\"elementor-widget-container\">\n\t\t\t\t\t<h2 class=\"elementor-heading-title elementor-size-default\">Medium package<\/h2>\t\t\t\t<\/div>\n\t\t\t\t<\/div>\n\t\t\t\t<div class=\"elementor-element elementor-element-c0bdfb8 elementor-widget elementor-widget-text-editor\" data-id=\"c0bdfb8\" data-element_type=\"widget\" data-e-type=\"widget\" data-widget_type=\"text-editor.default\">\n\t\t\t\t<div class=\"elementor-widget-container\">\n\t\t\t\t\t\t\t\t\t<ul><li data-prosemirror-content-type=\"node\" data-prosemirror-node-name=\"paragraph\" data-prosemirror-node-block=\"true\" data-pm-slice=\"1 1 []\">70,000 HUF + VAT \/ 55-minute photoshoot<\/li><li data-prosemirror-content-type=\"node\" data-prosemirror-node-name=\"paragraph\" data-prosemirror-node-block=\"true\" data-pm-slice=\"1 1 []\">10 fully retouched photos + all well-shot images color-corrected<\/li><\/ul>\t\t\t\t\t\t\t\t<\/div>\n\t\t\t\t<\/div>\n\t\t\t\t<section class=\"elementor-section elementor-inner-section elementor-element elementor-element-de0fae3 elementor-section-content-middle elementor-section-boxed elementor-section-height-default elementor-section-height-default\" data-id=\"de0fae3\" data-element_type=\"section\" data-e-type=\"section\">\n\t\t\t\t\t\t<div class=\"elementor-container elementor-column-gap-no\">\n\t\t\t\t\t<div class=\"elementor-column elementor-col-100 elementor-inner-column elementor-element elementor-element-02d99fb\" data-id=\"02d99fb\" data-element_type=\"column\" data-e-type=\"column\">\n\t\t\t<div class=\"elementor-widget-wrap elementor-element-populated\">\n\t\t\t\t\t\t<div class=\"elementor-element elementor-element-da9d315 elementor-widget elementor-widget-text-editor\" data-id=\"da9d315\" data-element_type=\"widget\" data-e-type=\"widget\" data-widget_type=\"text-editor.default\">\n\t\t\t\t<div class=\"elementor-widget-container\">\n\t\t\t\t\t\t\t\t\t<div><h2 style=\"font-weight: 600; font-size: 40px; line-height: 40px; color: #011826; margin: 0; padding: 0;\">70 000<\/h2><p style=\"font-weight: 600; font-size: 12px; line-height: 12px; color: #3f4f59; margin: 0;\">HUF \/ 55 MINUTES<\/p><\/div>\t\t\t\t\t\t\t\t<\/div>\n\t\t\t\t<\/div>\n\t\t\t\t<div class=\"elementor-element elementor-element-3f1b7f6 elementor-align-center cto-button elementor-widget elementor-widget-button\" data-id=\"3f1b7f6\" data-element_type=\"widget\" data-e-type=\"widget\" data-widget_type=\"button.default\">\n\t\t\t\t<div class=\"elementor-widget-container\">\n\t\t\t\t\t\t\t\t\t<div class=\"elementor-button-wrapper\">\n\t\t\t\t\t<a class=\"elementor-button elementor-button-link elementor-size-sm\" href=\"http:\/\/g3studio.hu\/en\/elerhetosegek\/\">\n\t\t\t\t\t\t<span class=\"elementor-button-content-wrapper\">\n\t\t\t\t\t\t<span class=\"elementor-button-icon\">\n\t\t\t\t<svg xmlns=\"http:\/\/www.w3.org\/2000\/svg\" width=\"16\" height=\"16\" viewbox=\"0 0 16 16\" fill=\"none\"><path d=\"M8.00413 16C12.3775 16 16 12.3756 16 8C16 3.62436 12.3693 0 7.99587 0C3.62249 0 0 3.62436 0 8C0 12.3756 3.63074 16 8.00413 16ZM8.00413 14.58C4.35688 14.58 1.43579 11.6491 1.43579 8C1.43579 4.35088 4.34863 1.42002 7.99587 1.42002C11.6431 1.42002 14.5725 4.35088 14.5807 8C14.589 11.6491 11.6514 14.58 8.00413 14.58ZM3.96906 8.89164H7.99587C8.31769 8.89164 8.56524 8.64396 8.56524 8.31373V3.10423C8.56524 2.79051 8.31769 2.53457 7.99587 2.53457C7.67406 2.53457 7.42651 2.79051 7.42651 3.10423V7.75232H3.96906C3.64724 7.75232 3.39969 8 3.39969 8.31373C3.39969 8.64396 3.64724 8.89164 3.96906 8.89164Z\" fill=\"#FCFEFF\"><\/path><\/svg>\t\t\t<\/span>\n\t\t\t\t\t\t\t\t\t<span class=\"elementor-button-text\">Book studio<\/span>\n\t\t\t\t\t<\/span>\n\t\t\t\t\t<\/a>\n\t\t\t\t<\/div>\n\t\t\t\t\t\t\t\t<\/div>\n\t\t\t\t<\/div>\n\t\t\t\t\t<\/div>\n\t\t<\/div>\n\t\t\t\t\t<\/div>\n\t\t<\/section>\n\t\t\t\t\t<\/div>\n\t\t<\/div>\n\t\t\t\t<div class=\"elementor-column elementor-col-33 elementor-top-column elementor-element elementor-element-aa7778b card-price-small\" data-id=\"aa7778b\" data-element_type=\"column\" data-e-type=\"column\">\n\t\t\t<div class=\"elementor-widget-wrap elementor-element-populated\">\n\t\t\t\t\t\t<div class=\"elementor-element elementor-element-4c1a301 elementor-widget elementor-widget-image\" data-id=\"4c1a301\" data-element_type=\"widget\" data-e-type=\"widget\" data-widget_type=\"image.default\">\n\t\t\t\t<div class=\"elementor-widget-container\">\n\t\t\t\t\t\t\t\t\t\t\t\t\t\t\t<img decoding=\"async\" width=\"100\" height=\"100\" src=\"https:\/\/g3studio.hu\/wp-content\/uploads\/2025\/10\/csomag.png\" class=\"attachment-large size-large wp-image-4129\" alt=\"csomag\" srcset=\"https:\/\/g3studio.hu\/wp-content\/uploads\/2025\/10\/csomag.png 100w, https:\/\/g3studio.hu\/wp-content\/uploads\/2025\/10\/csomag-12x12.png 12w\" sizes=\"(max-width: 100px) 100vw, 100px\" title=\"Csomag   g3 st\u00fadi\u00f3\" \/>\t\t\t\t\t\t\t\t\t\t\t\t\t\t\t<\/div>\n\t\t\t\t<\/div>\n\t\t\t\t<div class=\"elementor-element elementor-element-ff6f667 elementor-widget elementor-widget-heading\" data-id=\"ff6f667\" data-element_type=\"widget\" data-e-type=\"widget\" data-widget_type=\"heading.default\">\n\t\t\t\t<div class=\"elementor-widget-container\">\n\t\t\t\t\t<h2 class=\"elementor-heading-title elementor-size-default\">Large package<\/h2>\t\t\t\t<\/div>\n\t\t\t\t<\/div>\n\t\t\t\t<div class=\"elementor-element elementor-element-c1f8a39 elementor-widget elementor-widget-text-editor\" data-id=\"c1f8a39\" data-element_type=\"widget\" data-e-type=\"widget\" data-widget_type=\"text-editor.default\">\n\t\t\t\t<div class=\"elementor-widget-container\">\n\t\t\t\t\t\t\t\t\t<ul><li data-prosemirror-content-type=\"node\" data-prosemirror-node-name=\"paragraph\" data-prosemirror-node-block=\"true\" data-pm-slice=\"1 1 []\">100,000 HUF + VAT \/ 90-minute photoshoot<\/li><li data-prosemirror-content-type=\"node\" data-prosemirror-node-name=\"paragraph\" data-prosemirror-node-block=\"true\" data-pm-slice=\"1 1 []\">15 fully retouched photos + all well-shot images color-corrected<\/li><\/ul>\t\t\t\t\t\t\t\t<\/div>\n\t\t\t\t<\/div>\n\t\t\t\t<section class=\"elementor-section elementor-inner-section elementor-element elementor-element-6d42200 elementor-section-content-middle elementor-section-boxed elementor-section-height-default elementor-section-height-default\" data-id=\"6d42200\" data-element_type=\"section\" data-e-type=\"section\">\n\t\t\t\t\t\t<div class=\"elementor-container elementor-column-gap-no\">\n\t\t\t\t\t<div class=\"elementor-column elementor-col-100 elementor-inner-column elementor-element elementor-element-665c6ed\" data-id=\"665c6ed\" data-element_type=\"column\" data-e-type=\"column\">\n\t\t\t<div class=\"elementor-widget-wrap elementor-element-populated\">\n\t\t\t\t\t\t<div class=\"elementor-element elementor-element-f89ed0c elementor-widget elementor-widget-text-editor\" data-id=\"f89ed0c\" data-element_type=\"widget\" data-e-type=\"widget\" data-widget_type=\"text-editor.default\">\n\t\t\t\t<div class=\"elementor-widget-container\">\n\t\t\t\t\t\t\t\t\t<div><h2 style=\"font-weight: 600; font-size: 40px; line-height: 40px; color: #011826; margin: 0; padding: 0;\">100 000<\/h2><p style=\"font-weight: 600; font-size: 12px; line-height: 12px; color: #3f4f59; margin: 0;\">HUF \/ 90 MINUTES<\/p><\/div>\t\t\t\t\t\t\t\t<\/div>\n\t\t\t\t<\/div>\n\t\t\t\t<div class=\"elementor-element elementor-element-998811f elementor-align-center cto-button elementor-widget elementor-widget-button\" data-id=\"998811f\" data-element_type=\"widget\" data-e-type=\"widget\" data-widget_type=\"button.default\">\n\t\t\t\t<div class=\"elementor-widget-container\">\n\t\t\t\t\t\t\t\t\t<div class=\"elementor-button-wrapper\">\n\t\t\t\t\t<a class=\"elementor-button elementor-button-link elementor-size-sm\" href=\"http:\/\/g3studio.hu\/en\/elerhetosegek\/\">\n\t\t\t\t\t\t<span class=\"elementor-button-content-wrapper\">\n\t\t\t\t\t\t<span class=\"elementor-button-icon\">\n\t\t\t\t<svg xmlns=\"http:\/\/www.w3.org\/2000\/svg\" width=\"16\" height=\"16\" viewbox=\"0 0 16 16\" fill=\"none\"><path d=\"M8.00413 16C12.3775 16 16 12.3756 16 8C16 3.62436 12.3693 0 7.99587 0C3.62249 0 0 3.62436 0 8C0 12.3756 3.63074 16 8.00413 16ZM8.00413 14.58C4.35688 14.58 1.43579 11.6491 1.43579 8C1.43579 4.35088 4.34863 1.42002 7.99587 1.42002C11.6431 1.42002 14.5725 4.35088 14.5807 8C14.589 11.6491 11.6514 14.58 8.00413 14.58ZM3.96906 8.89164H7.99587C8.31769 8.89164 8.56524 8.64396 8.56524 8.31373V3.10423C8.56524 2.79051 8.31769 2.53457 7.99587 2.53457C7.67406 2.53457 7.42651 2.79051 7.42651 3.10423V7.75232H3.96906C3.64724 7.75232 3.39969 8 3.39969 8.31373C3.39969 8.64396 3.64724 8.89164 3.96906 8.89164Z\" fill=\"#FCFEFF\"><\/path><\/svg>\t\t\t<\/span>\n\t\t\t\t\t\t\t\t\t<span class=\"elementor-button-text\">Book studio<\/span>\n\t\t\t\t\t<\/span>\n\t\t\t\t\t<\/a>\n\t\t\t\t<\/div>\n\t\t\t\t\t\t\t\t<\/div>\n\t\t\t\t<\/div>\n\t\t\t\t\t<\/div>\n\t\t<\/div>\n\t\t\t\t\t<\/div>\n\t\t<\/section>\n\t\t\t\t\t<\/div>\n\t\t<\/div>\n\t\t\t\t\t<\/div>\n\t\t<\/section>\n\t\t\t\t<section class=\"elementor-section elementor-top-section elementor-element elementor-element-f72f59c elementor-section-boxed elementor-section-height-default elementor-section-height-default\" data-id=\"f72f59c\" data-element_type=\"section\" data-e-type=\"section\">\n\t\t\t\t\t\t<div class=\"elementor-container elementor-column-gap-default\">\n\t\t\t\t\t<div class=\"elementor-column elementor-col-100 elementor-top-column elementor-element elementor-element-c712616\" data-id=\"c712616\" data-element_type=\"column\" data-e-type=\"column\">\n\t\t\t<div class=\"elementor-widget-wrap elementor-element-populated\">\n\t\t\t\t\t\t<div class=\"elementor-element elementor-element-c070f91 elementor-widget elementor-widget-heading\" data-id=\"c070f91\" data-element_type=\"widget\" data-e-type=\"widget\" data-widget_type=\"heading.default\">\n\t\t\t\t<div class=\"elementor-widget-container\">\n\t\t\t\t\t<h2 class=\"elementor-heading-title elementor-size-default\">Why choose G3 Studio for your Christmas photoshoot?<\/h2>\t\t\t\t<\/div>\n\t\t\t\t<\/div>\n\t\t\t\t<div class=\"elementor-element elementor-element-137da09 elementor-widget elementor-widget-text-editor\" data-id=\"137da09\" data-element_type=\"widget\" data-e-type=\"widget\" data-widget_type=\"text-editor.default\">\n\t\t\t\t<div class=\"elementor-widget-container\">\n\t\t\t\t\t\t\t\t\t<ul><li data-start=\"1016\" data-end=\"1094\"><p data-start=\"1018\" data-end=\"1094\"><strong data-start=\"1021\" data-end=\"1042\">Unique interiors<\/strong>\u00a0\u2013 you can choose from multiple festive setups in different styles<\/p><\/li><li data-start=\"1095\" data-end=\"1188\"><p data-start=\"1097\" data-end=\"1188\"><strong data-start=\"1100\" data-end=\"1117\">Professional photographers<\/strong>\u00a0\u2013 we pay attention to every detail to ensure the perfect final result<\/p><\/li><li data-start=\"1189\" data-end=\"1258\"><p data-start=\"1191\" data-end=\"1258\"><strong data-start=\"1194\" data-end=\"1218\">Fast image processing<\/strong>\u00a0\u2013 your photos will be available in a short time<\/p><\/li><li data-start=\"1259\" data-end=\"1364\"><p data-start=\"1261\" data-end=\"1364\"><strong data-start=\"1264\" data-end=\"1290\">Perfect as a gift too<\/strong>\u00a0\u2013 capture Christmas and surprise your loved ones with personal photos<\/p><\/li><\/ul>\t\t\t\t\t\t\t\t<\/div>\n\t\t\t\t<\/div>\n\t\t\t\t\t<\/div>\n\t\t<\/div>\n\t\t\t\t\t<\/div>\n\t\t<\/section>\n\t\t\t\t<\/div>","protected":false},"excerpt":{"rendered":"<p>Profi kar\u00e1csonyi fot\u00f3z\u00e1sra van sz\u00fcks\u00e9ged? Szeretn\u00e9d meg\u00f6r\u00f6k\u00edteni az idei kar\u00e1csony legszebb pillanatait?A\u00a0G3 St\u00fadi\u00f3\u00a0\u00fcnnepi hangulat\u00fa kar\u00e1csonyi fot\u00f3z\u00e1ssal v\u00e1r, legyen sz\u00f3 csal\u00e1di k\u00e9pekr\u0151l, p\u00e1ros fot\u00f3z\u00e1sr\u00f3l, gyermekfot\u00f3z\u00e1sr\u00f3l vagy ak\u00e1r c\u00e9ges kar\u00e1csonyi portr\u00e9kr\u00f3l. Hangulatos, d\u00edsz\u00edtett enteri\u0151rjeink \u00e9s profi fot\u00f3saink gondoskodnak arr\u00f3l, hogy felejthetetlen eml\u00e9kek sz\u00fclessenek. 25 \u00e9v tapasztalat a fot\u00f3z\u00e1sban T\u00f6bb mint\u00a025 \u00e9v tapasztalattal\u00a0a [&hellip;]<\/p>\n","protected":false},"author":10,"featured_media":3779,"parent":0,"menu_order":0,"comment_status":"closed","ping_status":"closed","template":"","meta":{"footnotes":""},"class_list":["post-4120","page","type-page","status-publish","has-post-thumbnail","hentry"],"aioseo_notices":[],"_links":{"self":[{"href":"https:\/\/g3studio.hu\/en\/wp-json\/wp\/v2\/pages\/4120","targetHints":{"allow":["GET"]}}],"collection":[{"href":"https:\/\/g3studio.hu\/en\/wp-json\/wp\/v2\/pages"}],"about":[{"href":"https:\/\/g3studio.hu\/en\/wp-json\/wp\/v2\/types\/page"}],"author":[{"embeddable":true,"href":"https:\/\/g3studio.hu\/en\/wp-json\/wp\/v2\/users\/10"}],"replies":[{"embeddable":true,"href":"https:\/\/g3studio.hu\/en\/wp-json\/wp\/v2\/comments?post=4120"}],"version-history":[{"count":19,"href":"https:\/\/g3studio.hu\/en\/wp-json\/wp\/v2\/pages\/4120\/revisions"}],"predecessor-version":[{"id":4145,"href":"https:\/\/g3studio.hu\/en\/wp-json\/wp\/v2\/pages\/4120\/revisions\/4145"}],"wp:featuredmedia":[{"embeddable":true,"href":"https:\/\/g3studio.hu\/en\/wp-json\/wp\/v2\/media\/3779"}],"wp:attachment":[{"href":"https:\/\/g3studio.hu\/en\/wp-json\/wp\/v2\/media?parent=4120"}],"curies":[{"name":"wp","href":"https:\/\/api.w.org\/{rel}","templated":true}]}}