{"id":3825,"date":"2025-01-20T20:51:41","date_gmt":"2025-01-20T18:51:41","guid":{"rendered":"https:\/\/g3studio.hu\/?page_id=3825"},"modified":"2026-03-09T10:13:51","modified_gmt":"2026-03-09T08:13:51","slug":"elerhetosegek2","status":"publish","type":"page","link":"https:\/\/g3studio.hu\/en\/elerhetosegek2\/","title":{"rendered":"El\u00e9rhet\u0151s\u00e9gek2"},"content":{"rendered":"\t\t<div data-elementor-type=\"wp-page\" data-elementor-id=\"3825\" class=\"elementor elementor-3825\">\n\t\t\t\t\t\t<section class=\"elementor-section elementor-top-section elementor-element elementor-element-82ba6f8 elementor-section-content-middle elementor-section-boxed elementor-section-height-default elementor-section-height-default\" data-id=\"82ba6f8\" data-element_type=\"section\" data-e-type=\"section\">\n\t\t\t\t\t\t<div class=\"elementor-container elementor-column-gap-default\">\n\t\t\t\t\t<div class=\"elementor-column elementor-col-33 elementor-top-column elementor-element elementor-element-dc211af\" data-id=\"dc211af\" data-element_type=\"column\" data-e-type=\"column\">\n\t\t\t<div class=\"elementor-widget-wrap elementor-element-populated\">\n\t\t\t\t\t\t<div class=\"elementor-element elementor-element-bef02d7 elementor-widget elementor-widget-heading\" data-id=\"bef02d7\" data-element_type=\"widget\" data-e-type=\"widget\" data-widget_type=\"heading.default\">\n\t\t\t\t<div class=\"elementor-widget-container\">\n\t\t\t\t\t<h2 class=\"elementor-heading-title elementor-size-default\">K\u00e9rd\u00e9sed van, vagy id\u0151pontot foglaln\u00e1l?<\/h2>\t\t\t\t<\/div>\n\t\t\t\t<\/div>\n\t\t\t\t<div class=\"elementor-element elementor-element-09fe96e elementor-widget elementor-widget-text-editor\" data-id=\"09fe96e\" data-element_type=\"widget\" data-e-type=\"widget\" data-widget_type=\"text-editor.default\">\n\t\t\t\t<div class=\"elementor-widget-container\">\n\t\t\t\t\t\t\t\t\t<p>Ha k\u00e9rd\u00e9sed van a st\u00fadi\u00f3val, vagy a b\u00e9rl\u00e9ssel kapcsolatban, h\u00edvj minket a <strong>+36 20 928 66 40<\/strong>-es sz\u00e1mon vagy \u00edrj nek\u00fcnk!<\/p><p><b>Telefonos el\u00e9rhet\u0151s\u00e9g:<\/b><br \/>H\u00e9tk\u00f6znap: 9:00\u201318:00<\/p><p><b>H\u00e9tv\u00e9gi \u00fcgyint\u00e9z\u00e9s:<\/b><br \/>H\u00e9tv\u00e9g\u00e9n e-mailben \u00e9rhet el minket, \u00e9s minden t\u0151l\u00fcnk telhet\u0151t megtesz\u00fcnk, hogy a lehet\u0151 legr\u00f6videbb id\u0151n bel\u00fcl v\u00e1laszoljunk megkeres\u00e9s\u00e9re.<\/p><p><b>Foglal\u00e1sok kezel\u00e9se:<\/b><br \/>Ha foglal\u00e1st szeretne v\u00e9gleges\u00edteni, az kiz\u00e1r\u00f3lag e-mailben lehets\u00e9ges a st\u00fadi\u00f3 meger\u0151s\u00edt\u00e9se ut\u00e1n.<\/p><p><b>Fontos inform\u00e1ci\u00f3<\/b><br \/>A st\u00fadi\u00f3 nyitvatart\u00e1sa \u00e9s szem\u00e9lyzeti jelenl\u00e9te csak az e-mailben el\u0151re leegyeztetett b\u00e9rl\u00e9sek eset\u00e9n garant\u00e1lt.<\/p>\t\t\t\t\t\t\t\t<\/div>\n\t\t\t\t<\/div>\n\t\t\t\t<div class=\"elementor-element elementor-element-633651b elementor-widget elementor-widget-wpforms\" data-id=\"633651b\" data-element_type=\"widget\" data-e-type=\"widget\" data-widget_type=\"wpforms.default\">\n\t\t\t\t<div class=\"elementor-widget-container\">\n\t\t\t\t\t<div class=\"wpforms-container wpforms-container-full wpforms-render-modern\" id=\"wpforms-948\"><form id=\"wpforms-form-948\" class=\"wpforms-validate wpforms-form wpforms-ajax-form\" data-formid=\"948\" method=\"post\" enctype=\"multipart\/form-data\" action=\"\/en\/wp-json\/wp\/v2\/pages\/3825\" data-token=\"2f4dc7c53dcd24bef41f01c08f07fbc9\" data-token-time=\"1778849631\"><noscript class=\"wpforms-error-noscript\">Please enable JavaScript in your browser to complete this form.<\/noscript><div id=\"wpforms-error-noscript\" style=\"display: none;\">Please enable JavaScript in your browser to complete this form.<\/div><div class=\"wpforms-field-container\"><div id=\"wpforms-948-field_4-container\" class=\"wpforms-field wpforms-field-text\" data-field-id=\"4\"><label class=\"wpforms-field-label\" for=\"wpforms-948-field_4\">Neved <span class=\"wpforms-required-label\" aria-hidden=\"true\">*<\/span><\/label><input type=\"text\" id=\"wpforms-948-field_4\" class=\"wpforms-field-medium wpforms-field-required\" name=\"wpforms[fields][4]\" aria-errormessage=\"wpforms-948-field_4-error\" required><\/div>\t\t<div id=\"wpforms-948-field_3-container\"\n\t\t\tclass=\"wpforms-field wpforms-field-text\"\n\t\t\tdata-field-type=\"text\"\n\t\t\tdata-field-id=\"3\"\n\t\t\t>\n\t\t\t<label class=\"wpforms-field-label\" for=\"wpforms-948-field_3\" >Telefonsz\u00e1mod fot\u00f3z\u00e1s K\u00e9rlek<\/label>\n\t\t\t<input type=\"text\" id=\"wpforms-948-field_3\" class=\"wpforms-field-medium\" name=\"wpforms[fields][3]\" >\n\t\t<\/div>\n\t\t<div id=\"wpforms-948-field_1-container\" class=\"wpforms-field wpforms-field-email\" data-field-id=\"1\"><label class=\"wpforms-field-label\" for=\"wpforms-948-field_1\">Email c\u00edmed <span class=\"wpforms-required-label\" aria-hidden=\"true\">*<\/span><\/label><input type=\"email\" id=\"wpforms-948-field_1\" class=\"wpforms-field-medium wpforms-field-required\" name=\"wpforms[fields][1]\" spellcheck=\"false\" aria-errormessage=\"wpforms-948-field_1-error\" required><\/div><div id=\"wpforms-948-field_5-container\" class=\"wpforms-field wpforms-field-text\" data-field-id=\"5\"><label class=\"wpforms-field-label\" for=\"wpforms-948-field_5\">Telefonsz\u00e1mod<\/label><input type=\"text\" id=\"wpforms-948-field_5\" class=\"wpforms-field-medium\" name=\"wpforms[fields][5]\" aria-errormessage=\"wpforms-948-field_5-error\" ><\/div><div id=\"wpforms-948-field_2-container\" class=\"wpforms-field wpforms-field-textarea\" data-field-id=\"2\"><label class=\"wpforms-field-label\" for=\"wpforms-948-field_2\">K\u00e9rlek p\u00e1r sz\u00f3ban \u00edrd le a foglal\u00e1sod ig\u00e9nyeit (mikor, mett\u0151l meddig, fot\u00f3z\u00e1s vagy forgat\u00e1s, stb.)  <span class=\"wpforms-required-label\" aria-hidden=\"true\">*<\/span><\/label><textarea id=\"wpforms-948-field_2\" class=\"wpforms-field-medium wpforms-field-required\" name=\"wpforms[fields][2]\" aria-errormessage=\"wpforms-948-field_2-error\" aria-describedby=\"wpforms-948-field_2-description\" required><\/textarea><div id=\"wpforms-948-field_2-description\" class=\"wpforms-field-description\">K\u00e9rj\u00fck, hogy a foglal\u00e1shoz \u00edrd meg, hogy melyik nap, mikor \u00e9s h\u00e1ny \u00f3r\u00e1ra szeretn\u00e9l j\u00f6nni! P\u00e1r sz\u00f3ban \u00edrd le, mit szeretn\u00e9l csin\u00e1lni, hogy a lehet\u0151 legt\u00f6bbet tudjuk seg\u00edteni!<\/div><\/div><script>\n\t\t\t\t( function() {\n\t\t\t\t\tconst style = document.createElement( 'style' );\n\t\t\t\t\tstyle.appendChild( document.createTextNode( '#wpforms-948-field_3-container { position: absolute !important; overflow: hidden !important; display: inline !important; height: 1px !important; width: 1px !important; z-index: -1000 !important; padding: 0 !important; } #wpforms-948-field_3-container input { visibility: hidden; } #wpforms-conversational-form-page #wpforms-948-field_3-container label { counter-increment: none; }' ) );\n\t\t\t\t\tdocument.head.appendChild( style );\n\t\t\t\t\tdocument.currentScript?.remove();\n\t\t\t\t} )();\n\t\t\t<\/script><\/div><!-- .wpforms-field-container --><div class=\"wpforms-recaptcha-container wpforms-is-recaptcha wpforms-is-recaptcha-type-v3\" ><input type=\"hidden\" name=\"wpforms[recaptcha]\" value=\"\"><\/div><div class=\"wpforms-submit-container\" ><input type=\"hidden\" name=\"wpforms[id]\" value=\"948\"><input type=\"hidden\" name=\"page_title\" value=\"\"><input type=\"hidden\" name=\"page_url\" value=\"https:\/\/g3studio.hu\/en\/wp-json\/wp\/v2\/pages\/3825\"><input type=\"hidden\" name=\"url_referer\" value=\"\"><button type=\"submit\" name=\"wpforms[submit]\" id=\"wpforms-submit-948\" class=\"wpforms-submit\" data-alt-text=\"K\u00fcld\u00e9s...\" data-submit-text=\"Elk\u00fcld\u00f6m\" aria-live=\"assertive\" value=\"wpforms-submit\">Elk\u00fcld\u00f6m<\/button><img decoding=\"async\" src=\"https:\/\/g3studio.hu\/wp-content\/plugins\/wpforms-lite\/assets\/images\/submit-spin.svg\" class=\"wpforms-submit-spinner\" style=\"display: none;\" width=\"26\" height=\"26\" alt=\"Loading\"><\/div><\/form><\/div>  <!-- .wpforms-container -->\t\t\t\t<\/div>\n\t\t\t\t<\/div>\n\t\t\t\t\t<\/div>\n\t\t<\/div>\n\t\t\t\t<div class=\"elementor-column elementor-col-66 elementor-top-column elementor-element elementor-element-5f42fc0\" data-id=\"5f42fc0\" data-element_type=\"column\" data-e-type=\"column\" data-settings=\"{&quot;background_background&quot;:&quot;classic&quot;}\">\n\t\t\t<div class=\"elementor-widget-wrap elementor-element-populated\">\n\t\t\t\t\t\t<div class=\"elementor-element elementor-element-468f247 kapcsoalt-card elementor-widget elementor-widget-text-editor\" data-id=\"468f247\" data-element_type=\"widget\" data-e-type=\"widget\" id=\"kapcsolat-card\" data-widget_type=\"text-editor.default\">\n\t\t\t\t<div class=\"elementor-widget-container\">\n\t\t\t\t\t\t\t\t\t<p><img decoding=\"async\" style=\"margin-bottom: 32px; transform: translateX(-24px);\" src=\"http:\/\/g3studio.hu\/wp-content\/uploads\/2021\/08\/cim-kapcsolat.png\" \/><\/p><p style=\"font-family: Open Sans; font-style: normal; font-weight: 600; font-size: 12px; line-height: 24px; letter-spacing: 1px; text-transform: uppercase; color: #bcc6cc;\">Telefonsz\u00e1m<\/p><p style=\"font-family: Open Sans; font-style: normal; font-weight: normal; font-size: 15px; line-height: 24px; color: #011826; margin-bottom: 22px;\">+36 20 928 66 40<\/p><p style=\"font-family: Open Sans; font-style: normal; font-weight: 600; font-size: 12px; line-height: 24px; letter-spacing: 1px; text-transform: uppercase; color: #bcc6cc;\">C\u00edm<\/p><p style=\"font-family: Open Sans; font-style: normal; font-weight: normal; font-size: 14px; line-height: 24px; color: #011826; margin-bottom: 22px;\">1134 Budapest Taksony utca 1.<br \/>Bej\u00e1rat a 2-es sz\u00e1m\u00fa kapun\u00e1l!<\/p><p style=\"font-family: Open Sans; font-style: normal; font-weight: 600; font-size: 12px; line-height: 24px; letter-spacing: 1px; text-transform: uppercase; color: #bcc6cc;\">E-mail<\/p><p style=\"font-family: Open Sans; font-style: normal; font-weight: normal; font-size: 14px; line-height: 24px; color: #011826; margin-bottom: 42px;\"><a href=\"mailto:g3studiobp@gmail.com\">g3studiobp@gmail.com<\/a><\/p><p style=\"font-family: Open Sans; font-style: normal; font-weight: 600; font-size: 12px; line-height: 24px; letter-spacing: 1px; text-transform: uppercase; color: #bcc6cc;\">Nyitvatart\u00e1s:<\/p><p style=\"font-family: Open Sans; font-style: normal; font-weight: normal; font-size: 14px; line-height: 24px; color: #011826; margin-bottom: 22px;\">Minden nap 06:00-22:00 k\u00f6z\u00f6tt.<\/p>\t\t\t\t\t\t\t\t<\/div>\n\t\t\t\t<\/div>\n\t\t\t\t\t<\/div>\n\t\t<\/div>\n\t\t\t\t\t<\/div>\n\t\t<\/section>\n\t\t\t\t<\/div>\n\t\t","protected":false},"excerpt":{"rendered":"<p>K\u00e9rd\u00e9sed van, vagy id\u0151pontot foglaln\u00e1l? Ha k\u00e9rd\u00e9sed van a st\u00fadi\u00f3val, vagy a b\u00e9rl\u00e9ssel kapcsolatban, h\u00edvj minket a +36 20 928 66 40-es sz\u00e1mon vagy \u00edrj nek\u00fcnk! Telefonos el\u00e9rhet\u0151s\u00e9g:H\u00e9tk\u00f6znap: 9:00\u201318:00 H\u00e9tv\u00e9gi \u00fcgyint\u00e9z\u00e9s:H\u00e9tv\u00e9g\u00e9n e-mailben \u00e9rhet el minket, \u00e9s minden t\u0151l\u00fcnk telhet\u0151t megtesz\u00fcnk, hogy a lehet\u0151 legr\u00f6videbb id\u0151n bel\u00fcl v\u00e1laszoljunk megkeres\u00e9s\u00e9re. Foglal\u00e1sok kezel\u00e9se:Ha [&hellip;]<\/p>\n","protected":false},"author":10,"featured_media":0,"parent":0,"menu_order":0,"comment_status":"closed","ping_status":"closed","template":"page-templates\/template-pagebuilder-full-width.php","meta":{"footnotes":""},"class_list":["post-3825","page","type-page","status-publish","hentry"],"aioseo_notices":[],"_links":{"self":[{"href":"https:\/\/g3studio.hu\/en\/wp-json\/wp\/v2\/pages\/3825","targetHints":{"allow":["GET"]}}],"collection":[{"href":"https:\/\/g3studio.hu\/en\/wp-json\/wp\/v2\/pages"}],"about":[{"href":"https:\/\/g3studio.hu\/en\/wp-json\/wp\/v2\/types\/page"}],"author":[{"embeddable":true,"href":"https:\/\/g3studio.hu\/en\/wp-json\/wp\/v2\/users\/10"}],"replies":[{"embeddable":true,"href":"https:\/\/g3studio.hu\/en\/wp-json\/wp\/v2\/comments?post=3825"}],"version-history":[{"count":10,"href":"https:\/\/g3studio.hu\/en\/wp-json\/wp\/v2\/pages\/3825\/revisions"}],"predecessor-version":[{"id":3872,"href":"https:\/\/g3studio.hu\/en\/wp-json\/wp\/v2\/pages\/3825\/revisions\/3872"}],"wp:attachment":[{"href":"https:\/\/g3studio.hu\/en\/wp-json\/wp\/v2\/media?parent=3825"}],"curies":[{"name":"wp","href":"https:\/\/api.w.org\/{rel}","templated":true}]}}