{"id":1917,"date":"2022-07-25T15:26:47","date_gmt":"2022-07-25T15:26:47","guid":{"rendered":"https:\/\/g3studio.hu\/?page_id=1917"},"modified":"2026-03-09T10:13:53","modified_gmt":"2026-03-09T08:13:53","slug":"workshop","status":"publish","type":"page","link":"https:\/\/g3studio.hu\/en\/workshop\/","title":{"rendered":"Fot\u00f3s k\u00e9pz\u00e9s"},"content":{"rendered":"\t\t<div data-elementor-type=\"wp-page\" data-elementor-id=\"1917\" class=\"elementor elementor-1917\">\n\t\t\t\t\t\t<section class=\"elementor-section elementor-top-section elementor-element elementor-element-4ea36688 elementor-section-height-min-height elementor-section-items-top elementor-section-boxed elementor-section-height-default\" data-id=\"4ea36688\" data-element_type=\"section\" data-e-type=\"section\" data-settings=\"{&quot;background_background&quot;:&quot;classic&quot;}\">\n\t\t\t\t\t\t<div class=\"elementor-container elementor-column-gap-extended\">\n\t\t\t\t\t<div class=\"elementor-column elementor-col-100 elementor-top-column elementor-element elementor-element-673b987f\" data-id=\"673b987f\" data-element_type=\"column\" data-e-type=\"column\">\n\t\t\t<div class=\"elementor-widget-wrap\">\n\t\t\t\t\t\t\t<\/div>\n\t\t<\/div>\n\t\t\t\t\t<\/div>\n\t\t<\/section>\n\t\t\t\t<section class=\"elementor-section elementor-top-section elementor-element elementor-element-9877892 elementor-section-boxed elementor-section-height-default elementor-section-height-default\" data-id=\"9877892\" data-element_type=\"section\" data-e-type=\"section\">\n\t\t\t\t\t\t<div class=\"elementor-container elementor-column-gap-extended\">\n\t\t\t\t\t<div class=\"elementor-column elementor-col-100 elementor-top-column elementor-element elementor-element-2628ac0\" data-id=\"2628ac0\" data-element_type=\"column\" data-e-type=\"column\">\n\t\t\t<div class=\"elementor-widget-wrap elementor-element-populated\">\n\t\t\t\t\t\t<div class=\"elementor-element elementor-element-7bddb14 elementor-widget elementor-widget-heading\" data-id=\"7bddb14\" data-element_type=\"widget\" data-e-type=\"widget\" data-widget_type=\"heading.default\">\n\t\t\t\t<div class=\"elementor-widget-container\">\n\t\t\t\t\t<h2 class=\"elementor-heading-title elementor-size-default\">St\u00fadi\u00f3fot\u00f3z\u00e1s alapok workshop<\/h2>\t\t\t\t<\/div>\n\t\t\t\t<\/div>\n\t\t\t\t<div class=\"elementor-element elementor-element-1099ffd5 elementor-widget elementor-widget-text-editor\" data-id=\"1099ffd5\" data-element_type=\"widget\" data-e-type=\"widget\" data-widget_type=\"text-editor.default\">\n\t\t\t\t<div class=\"elementor-widget-container\">\n\t\t\t\t\t\t\t\t\t<p style=\"text-align: center;\"><strong><span style=\"font-family: 'Helvetica Neue'; font-size: 13px;\"><\/span>Magabiztos tud\u00e1s st\u00fadi\u00f3k\u00f6r\u00fclm\u00e9nyek k\u00f6z\u00f6tt<\/strong><\/p>\t\t\t\t\t\t\t\t<\/div>\n\t\t\t\t<\/div>\n\t\t\t\t<div class=\"elementor-element elementor-element-ed7f6af elementor-widget elementor-widget-heading\" data-id=\"ed7f6af\" data-element_type=\"widget\" data-e-type=\"widget\" data-widget_type=\"heading.default\">\n\t\t\t\t<div class=\"elementor-widget-container\">\n\t\t\t\t\t<h2 class=\"elementor-heading-title elementor-size-default\">Mit fogsz megtanulni?<\/h2>\t\t\t\t<\/div>\n\t\t\t\t<\/div>\n\t\t\t\t<div class=\"elementor-element elementor-element-193869d elementor-widget elementor-widget-text-editor\" data-id=\"193869d\" data-element_type=\"widget\" data-e-type=\"widget\" data-widget_type=\"text-editor.default\">\n\t\t\t\t<div class=\"elementor-widget-container\">\n\t\t\t\t\t\t\t\t\t<ul>\n<li>alap st\u00fadi\u00f3 vil\u00e1g\u00edt\u00e1sok<\/li>\n<li>f\u00e9nyform\u00e1l\u00f3k<\/li>\n<li>mi\u00e9rt fontos tudni egy vakunak a tulajdons\u00e1gait<\/li>\n<li>kamerahaszn\u00e1lat st\u00fadi\u00f3 k\u00f6r\u00fclm\u00e9nyek k\u00f6z\u00f6tt<\/li>\n<li>Az elm\u00e9leti oktat\u00e1s ut\u00e1n mindezt gyakorlatban is kipr\u00f3b\u00e1lhatod<\/li>\n<\/ul>\t\t\t\t\t\t\t\t<\/div>\n\t\t\t\t<\/div>\n\t\t\t\t<div class=\"elementor-element elementor-element-a313319 elementor-widget elementor-widget-heading\" data-id=\"a313319\" data-element_type=\"widget\" data-e-type=\"widget\" data-widget_type=\"heading.default\">\n\t\t\t\t<div class=\"elementor-widget-container\">\n\t\t\t\t\t<h2 class=\"elementor-heading-title elementor-size-default\">Sz\u00fcks\u00e9ges el\u0151k\u00e9pzetts\u00e9g<\/h2>\t\t\t\t<\/div>\n\t\t\t\t<\/div>\n\t\t\t\t<div class=\"elementor-element elementor-element-ede23c8 elementor-widget elementor-widget-text-editor\" data-id=\"ede23c8\" data-element_type=\"widget\" data-e-type=\"widget\" data-widget_type=\"text-editor.default\">\n\t\t\t\t<div class=\"elementor-widget-container\">\n\t\t\t\t\t\t\t\t\t<p>Alap kamerakezel\u00e9si, illetve fotogr\u00e1fiai ismeret aj\u00e1nlott<\/p>\t\t\t\t\t\t\t\t<\/div>\n\t\t\t\t<\/div>\n\t\t\t\t<div class=\"elementor-element elementor-element-7b5b40f elementor-widget elementor-widget-heading\" data-id=\"7b5b40f\" data-element_type=\"widget\" data-e-type=\"widget\" data-widget_type=\"heading.default\">\n\t\t\t\t<div class=\"elementor-widget-container\">\n\t\t\t\t\t<h2 class=\"elementor-heading-title elementor-size-default\">Le\u00edr\u00e1s<\/h2>\t\t\t\t<\/div>\n\t\t\t\t<\/div>\n\t\t\t\t<div class=\"elementor-element elementor-element-6cb859a elementor-widget elementor-widget-text-editor\" data-id=\"6cb859a\" data-element_type=\"widget\" data-e-type=\"widget\" data-widget_type=\"text-editor.default\">\n\t\t\t\t<div class=\"elementor-widget-container\">\n\t\t\t\t\t\t\t\t\t<p>Mindig is vonzott a st\u00fadi\u00f3fot\u00f3z\u00e1s, de att\u00f3l f\u00e9lt\u00e9l eddig, hogy Neked \u00fagysem menne? Szeretn\u00e9d magabiztosabban ir\u00e1ny\u00edtani a f\u00e9nyeket? \u00d6r\u00fcln\u00e9l, ha valaki felgyors\u00edtan\u00e1 a fejl\u0151d\u00e9sedet? Ha a v\u00e1laszod igen, akkor aj\u00e1nljuk figyelmedbe hamarosan indul\u00f3 alap st\u00fadi\u00f3fot\u00f3z\u00e1si workshopunkat Baksa Norbert el\u0151ad\u00e1s\u00e1ban. A f\u00e9r\u0151helyek limit\u00e1ltak, \u00edgy \u00e9rdemes miel\u0151bb jelentkeznetek. <\/p>\t\t\t\t\t\t\t\t<\/div>\n\t\t\t\t<\/div>\n\t\t\t\t<div class=\"elementor-element elementor-element-3d534c7 elementor-widget elementor-widget-heading\" data-id=\"3d534c7\" data-element_type=\"widget\" data-e-type=\"widget\" data-widget_type=\"heading.default\">\n\t\t\t\t<div class=\"elementor-widget-container\">\n\t\t\t\t\t<h2 class=\"elementor-heading-title elementor-size-default\">Tanterv<\/h2>\t\t\t\t<\/div>\n\t\t\t\t<\/div>\n\t\t\t\t<div class=\"elementor-element elementor-element-01f77fa elementor-widget elementor-widget-text-editor\" data-id=\"01f77fa\" data-element_type=\"widget\" data-e-type=\"widget\" data-widget_type=\"text-editor.default\">\n\t\t\t\t<div class=\"elementor-widget-container\">\n\t\t\t\t\t\t\t\t\t<ul>\n<li>\u00c1ltal\u00e1nos fot\u00f3z\u00e1si alapismeretek r\u00f6vid \u00e1tbesz\u00e9l\u00e9se (z\u00e1rid\u0151, rekesz, iso, feh\u00e9regyens\u00faly, stb.) mindez hogyan hat a st\u00fadi\u00f3 fot\u00f3z\u00e1sra<\/li>\n<li>vakuteljes\u00edtm\u00e9ny<\/li>\n<li>ttl \u00fczemm\u00f3d \u00e9s manual \u00fczemm\u00f3d k\u00fcl\u00f6nbs\u00e9ge<\/li>\n<li>rendszervaku \u00e9s st\u00fadi\u00f3vaku k\u00fcl\u00f6nbs\u00e9ge<\/li>\n<li>mi a HSS<\/li>\n<li>vil\u00e1g\u00edt\u00e1stechnikai alapok: mi a f\u0151f\u00e9ny \u00e9s a der\u00edt\u0151f\u00e9ny, melyiket hova \u00e9rdemes tenni. Mi c\u00e9lt szolg\u00e1l az \u00e9lf\u00e9ny, h\u00e1tt\u00e9rf\u00e9ny, mikor van r\u00e1juk sz\u00fcks\u00e9g<\/li>\n<li>f\u00e9nyform\u00e1l\u00f3k ismertet\u00e9se, mikor c\u00e9lszer\u0171 kem\u00e9ny, vagy \u00e9pp l\u00e1gy f\u00e9nyt haszn\u00e1lni, milyen hat\u00e1st lehet ezekkel el\u00e9rni<\/li>\n<li>alap st\u00fadi\u00f3 vil\u00e1g\u00edt\u00e1s gyakorlati bemutat\u00e1sa (kis orr\u00e1rny\u00e9k, rembrandt, felez\u0151, sziluett), mit lehet csin\u00e1lni 1-2-3 f\u00e9nnyel<\/li>\n<\/ul>\t\t\t\t\t\t\t\t<\/div>\n\t\t\t\t<\/div>\n\t\t\t\t<div class=\"elementor-element elementor-element-2f86fb8 elementor-widget elementor-widget-heading\" data-id=\"2f86fb8\" data-element_type=\"widget\" data-e-type=\"widget\" data-widget_type=\"heading.default\">\n\t\t\t\t<div class=\"elementor-widget-container\">\n\t\t\t\t\t<h2 class=\"elementor-heading-title elementor-size-default\">Instruktor<\/h2>\t\t\t\t<\/div>\n\t\t\t\t<\/div>\n\t\t\t\t<div class=\"elementor-element elementor-element-dca01d9 elementor-widget elementor-widget-text-editor\" data-id=\"dca01d9\" data-element_type=\"widget\" data-e-type=\"widget\" data-widget_type=\"text-editor.default\">\n\t\t\t\t<div class=\"elementor-widget-container\">\n\t\t\t\t\t\t\t\t\t<p>Baksa Norbert<\/p>\t\t\t\t\t\t\t\t<\/div>\n\t\t\t\t<\/div>\n\t\t\t\t<section class=\"elementor-section elementor-inner-section elementor-element elementor-element-4778d4a elementor-section-boxed elementor-section-height-default elementor-section-height-default\" data-id=\"4778d4a\" data-element_type=\"section\" data-e-type=\"section\">\n\t\t\t\t\t\t<div class=\"elementor-container elementor-column-gap-default\">\n\t\t\t\t\t<div class=\"elementor-column elementor-col-50 elementor-inner-column elementor-element elementor-element-80741b5\" data-id=\"80741b5\" data-element_type=\"column\" data-e-type=\"column\">\n\t\t\t<div class=\"elementor-widget-wrap elementor-element-populated\">\n\t\t\t\t\t\t<div class=\"elementor-element elementor-element-f4e71a6 elementor-widget elementor-widget-image\" data-id=\"f4e71a6\" data-element_type=\"widget\" data-e-type=\"widget\" data-widget_type=\"image.default\">\n\t\t\t\t<div class=\"elementor-widget-container\">\n\t\t\t\t\t\t\t\t\t\t\t\t\t\t\t<img fetchpriority=\"high\" decoding=\"async\" width=\"300\" height=\"300\" src=\"https:\/\/g3studio.hu\/wp-content\/uploads\/2023\/01\/baksa-norbert-300x300.jpg\" class=\"attachment-medium size-medium wp-image-2287\" alt=\"\" srcset=\"https:\/\/g3studio.hu\/wp-content\/uploads\/2023\/01\/baksa-norbert-300x300.jpg 300w, https:\/\/g3studio.hu\/wp-content\/uploads\/2023\/01\/baksa-norbert-1024x1024.jpg 1024w, https:\/\/g3studio.hu\/wp-content\/uploads\/2023\/01\/baksa-norbert-150x150.jpg 150w, https:\/\/g3studio.hu\/wp-content\/uploads\/2023\/01\/baksa-norbert-768x768.jpg 768w, https:\/\/g3studio.hu\/wp-content\/uploads\/2023\/01\/baksa-norbert.jpg 1080w\" sizes=\"(max-width: 300px) 100vw, 300px\" title=\"Baksa norbert   g3 st\u00fadi\u00f3\" \/>\t\t\t\t\t\t\t\t\t\t\t\t\t\t\t<\/div>\n\t\t\t\t<\/div>\n\t\t\t\t\t<\/div>\n\t\t<\/div>\n\t\t\t\t<div class=\"elementor-column elementor-col-50 elementor-inner-column elementor-element elementor-element-eb1c987\" data-id=\"eb1c987\" data-element_type=\"column\" data-e-type=\"column\">\n\t\t\t<div class=\"elementor-widget-wrap elementor-element-populated\">\n\t\t\t\t\t\t<div class=\"elementor-element elementor-element-2c0ee38 elementor-widget elementor-widget-text-editor\" data-id=\"2c0ee38\" data-element_type=\"widget\" data-e-type=\"widget\" data-widget_type=\"text-editor.default\">\n\t\t\t\t<div class=\"elementor-widget-container\">\n\t\t\t\t\t\t\t\t\t<p>Divat-, glamour- \u00e9s rekl\u00e1mfot\u00f3s 28 \u00e9v tapasztalattal a h\u00e1ta m\u00f6g\u00f6tt. Munk\u00e1ival sz\u00e1mos magazinban tal\u00e1lkozhattak m\u00e1r, ilyenek a<\/p><ul><li>Joy<\/li><li>Cosmopolitan<\/li><li>Playboy<\/li><li>CKM<\/li><li>FHM c\u00edmlapjai.<\/li><\/ul><p>N\u00e9h\u00e1ny munk\u00e1j\u00e1t megtekinthetitek\u00a0<a href=\"https:\/\/norbertbaksa.com\" target=\"_blank\" rel=\"noopener\">weboldal\u00e1n<\/a>.<\/p>\t\t\t\t\t\t\t\t<\/div>\n\t\t\t\t<\/div>\n\t\t\t\t\t<\/div>\n\t\t<\/div>\n\t\t\t\t\t<\/div>\n\t\t<\/section>\n\t\t\t\t<div class=\"elementor-element elementor-element-638ef31 elementor-widget elementor-widget-heading\" data-id=\"638ef31\" data-element_type=\"widget\" data-e-type=\"widget\" data-widget_type=\"heading.default\">\n\t\t\t\t<div class=\"elementor-widget-container\">\n\t\t\t\t\t<h2 class=\"elementor-heading-title elementor-size-default\">Tanfolyam ideje \u00e9s \u00e1ra<\/h2>\t\t\t\t<\/div>\n\t\t\t\t<\/div>\n\t\t\t\t<div class=\"elementor-element elementor-element-19628d8 elementor-widget elementor-widget-text-editor\" data-id=\"19628d8\" data-element_type=\"widget\" data-e-type=\"widget\" data-widget_type=\"text-editor.default\">\n\t\t\t\t<div class=\"elementor-widget-container\">\n\t\t\t\t\t\t\t\t\t<p>Id\u0151pont: Megfelel\u0151 sz\u00e1m\u00fa \u00e9rdekl\u0151d\u0151 eset\u00e9n ker\u00fcl meghirdet\u00e9sre. Ha T\u00e9ged is \u00e9rdekelne a tanfolyam, jelentkezz!<br><\/p>\n<p>\u00c1r 25.000 Ft \/ f\u0151.<\/p>\t\t\t\t\t\t\t\t<\/div>\n\t\t\t\t<\/div>\n\t\t\t\t<div class=\"elementor-element elementor-element-81ab85d elementor-widget elementor-widget-heading\" data-id=\"81ab85d\" data-element_type=\"widget\" data-e-type=\"widget\" data-widget_type=\"heading.default\">\n\t\t\t\t<div class=\"elementor-widget-container\">\n\t\t\t\t\t<h2 class=\"elementor-heading-title elementor-size-default\">Jelentkez\u00e9s<\/h2>\t\t\t\t<\/div>\n\t\t\t\t<\/div>\n\t\t\t\t<div class=\"elementor-element elementor-element-224ff54 elementor-widget elementor-widget-text-editor\" data-id=\"224ff54\" data-element_type=\"widget\" data-e-type=\"widget\" data-widget_type=\"text-editor.default\">\n\t\t\t\t<div class=\"elementor-widget-container\">\n\t\t\t\t\t\t\t\t\t<p>A jelentkez\u00e9shez k\u00e9rj\u00fck k\u00fcldjetek egy emailt a <a href=\"mailto:g3studiobp@gmail.com\">g3studiobp@gmail.com<\/a> c\u00edmre, Workshop t\u00e1rggyal, <\/p><p>vagy t\u00f6ltsd ki ezt a formot:<\/p><p><\/p><p><style id=\"wpforms-css-vars-2364\">\n\t\t\t\t#wpforms-2364 {\n\t\t\t\t\n\t\t\t}\n\t\t\t<\/style><div class=\"wpforms-container wpforms-container-full wpforms-render-modern\" id=\"wpforms-2364\"><form id=\"wpforms-form-2364\" class=\"wpforms-validate wpforms-form wpforms-ajax-form\" data-formid=\"2364\" method=\"post\" enctype=\"multipart\/form-data\" action=\"\/en\/wp-json\/wp\/v2\/pages\/1917\" data-token=\"30606268d140a2f9ac199ba69cf2afb7\" data-token-time=\"1776575926\"><noscript class=\"wpforms-error-noscript\">Please enable JavaScript in your browser to complete this form.<\/noscript><div id=\"wpforms-error-noscript\" style=\"display: none;\">Please enable JavaScript in your browser to complete this form.<\/div><div class=\"wpforms-field-container\"><div id=\"wpforms-2364-field_4-container\" class=\"wpforms-field wpforms-field-text\" data-field-id=\"4\"><label class=\"wpforms-field-label\" for=\"wpforms-2364-field_4\">Neved <span class=\"wpforms-required-label\" aria-hidden=\"true\">*<\/span><\/label><input type=\"text\" id=\"wpforms-2364-field_4\" class=\"wpforms-field-medium wpforms-field-required\" name=\"wpforms[fields][4]\" aria-errormessage=\"wpforms-2364-field_4-error\" required><\/div><div id=\"wpforms-2364-field_1-container\" class=\"wpforms-field wpforms-field-email\" data-field-id=\"1\"><label class=\"wpforms-field-label\" for=\"wpforms-2364-field_1\">Email c\u00edmed <span class=\"wpforms-required-label\" aria-hidden=\"true\">*<\/span><\/label><input type=\"email\" id=\"wpforms-2364-field_1\" class=\"wpforms-field-medium wpforms-field-required\" name=\"wpforms[fields][1]\" spellcheck=\"false\" aria-errormessage=\"wpforms-2364-field_1-error\" required><\/div><div id=\"wpforms-2364-field_5-container\" class=\"wpforms-field wpforms-field-text\" data-field-id=\"5\"><label class=\"wpforms-field-label\" for=\"wpforms-2364-field_5\">Telefonsz\u00e1mod<\/label><input type=\"text\" id=\"wpforms-2364-field_5\" class=\"wpforms-field-medium\" name=\"wpforms[fields][5]\" aria-errormessage=\"wpforms-2364-field_5-error\" ><\/div><div id=\"wpforms-2364-field_2-container\" class=\"wpforms-field wpforms-field-textarea\" data-field-id=\"2\"><label class=\"wpforms-field-label\" for=\"wpforms-2364-field_2\">Ha esetleg van valami k\u00e9rd\u00e9sed, azt itt felteheted:<\/label><textarea id=\"wpforms-2364-field_2\" class=\"wpforms-field-medium\" name=\"wpforms[fields][2]\" aria-errormessage=\"wpforms-2364-field_2-error\" ><\/textarea><\/div><\/div><!-- .wpforms-field-container --><div class=\"wpforms-submit-container\" ><input type=\"hidden\" name=\"wpforms[id]\" value=\"2364\"><input type=\"hidden\" name=\"page_title\" value=\"\"><input type=\"hidden\" name=\"page_url\" value=\"https:\/\/g3studio.hu\/en\/wp-json\/wp\/v2\/pages\/1917\"><input type=\"hidden\" name=\"url_referer\" value=\"\"><button type=\"submit\" name=\"wpforms[submit]\" id=\"wpforms-submit-2364\" class=\"wpforms-submit\" data-alt-text=\"K\u00fcld\u00e9s...\" data-submit-text=\"Jelentkezem!\" aria-live=\"assertive\" value=\"wpforms-submit\">Jelentkezem!<\/button><img decoding=\"async\" src=\"https:\/\/g3studio.hu\/wp-content\/plugins\/wpforms-lite\/assets\/images\/submit-spin.svg\" class=\"wpforms-submit-spinner\" style=\"display: none;\" width=\"26\" height=\"26\" alt=\"Loading\"><\/div><\/form><\/div>  <!-- .wpforms-container --><\/p>\t\t\t\t\t\t\t\t<\/div>\n\t\t\t\t<\/div>\n\t\t\t\t\t<\/div>\n\t\t<\/div>\n\t\t\t\t\t<\/div>\n\t\t<\/section>\n\t\t\t\t<\/div>\n\t\t","protected":false},"excerpt":{"rendered":"<p>St\u00fadi\u00f3fot\u00f3z\u00e1s alapok workshop Magabiztos tud\u00e1s st\u00fadi\u00f3k\u00f6r\u00fclm\u00e9nyek k\u00f6z\u00f6tt Mit fogsz megtanulni? alap st\u00fadi\u00f3 vil\u00e1g\u00edt\u00e1sok f\u00e9nyform\u00e1l\u00f3k mi\u00e9rt fontos tudni egy vakunak a tulajdons\u00e1gait kamerahaszn\u00e1lat st\u00fadi\u00f3 k\u00f6r\u00fclm\u00e9nyek k\u00f6z\u00f6tt Az elm\u00e9leti oktat\u00e1s ut\u00e1n mindezt gyakorlatban is kipr\u00f3b\u00e1lhatod Sz\u00fcks\u00e9ges el\u0151k\u00e9pzetts\u00e9g Alap kamerakezel\u00e9si, illetve fotogr\u00e1fiai ismeret aj\u00e1nlott Le\u00edr\u00e1s Mindig is vonzott a st\u00fadi\u00f3fot\u00f3z\u00e1s, de att\u00f3l f\u00e9lt\u00e9l [&hellip;]<\/p>\n","protected":false},"author":8,"featured_media":0,"parent":0,"menu_order":0,"comment_status":"closed","ping_status":"closed","template":"elementor_header_footer","meta":{"footnotes":""},"class_list":["post-1917","page","type-page","status-publish","hentry"],"aioseo_notices":[],"_links":{"self":[{"href":"https:\/\/g3studio.hu\/en\/wp-json\/wp\/v2\/pages\/1917","targetHints":{"allow":["GET"]}}],"collection":[{"href":"https:\/\/g3studio.hu\/en\/wp-json\/wp\/v2\/pages"}],"about":[{"href":"https:\/\/g3studio.hu\/en\/wp-json\/wp\/v2\/types\/page"}],"author":[{"embeddable":true,"href":"https:\/\/g3studio.hu\/en\/wp-json\/wp\/v2\/users\/8"}],"replies":[{"embeddable":true,"href":"https:\/\/g3studio.hu\/en\/wp-json\/wp\/v2\/comments?post=1917"}],"version-history":[{"count":45,"href":"https:\/\/g3studio.hu\/en\/wp-json\/wp\/v2\/pages\/1917\/revisions"}],"predecessor-version":[{"id":3400,"href":"https:\/\/g3studio.hu\/en\/wp-json\/wp\/v2\/pages\/1917\/revisions\/3400"}],"wp:attachment":[{"href":"https:\/\/g3studio.hu\/en\/wp-json\/wp\/v2\/media?parent=1917"}],"curies":[{"name":"wp","href":"https:\/\/api.w.org\/{rel}","templated":true}]}}