{"id":1914,"date":"2022-07-25T15:26:01","date_gmt":"2022-07-25T15:26:01","guid":{"rendered":"https:\/\/g3studio.hu\/?page_id=1914"},"modified":"2026-03-09T10:13:51","modified_gmt":"2026-03-09T08:13:51","slug":"portre-fotozas","status":"publish","type":"page","link":"https:\/\/g3studio.hu\/en\/portre-fotozas\/","title":{"rendered":"Business portrait photo"},"content":{"rendered":"<div data-elementor-type=\"wp-page\" data-elementor-id=\"1914\" class=\"elementor elementor-1914\">\n\t\t\t\t\t\t<section class=\"elementor-section elementor-top-section elementor-element elementor-element-236712ab elementor-section-boxed elementor-section-height-default elementor-section-height-default\" data-id=\"236712ab\" data-element_type=\"section\" data-e-type=\"section\">\n\t\t\t\t\t\t<div class=\"elementor-container elementor-column-gap-extended\">\n\t\t\t\t\t<div class=\"elementor-column elementor-col-100 elementor-top-column elementor-element elementor-element-12e68d61\" data-id=\"12e68d61\" data-element_type=\"column\" data-e-type=\"column\">\n\t\t\t<div class=\"elementor-widget-wrap elementor-element-populated\">\n\t\t\t\t\t\t<div class=\"elementor-element elementor-element-60afa28 elementor-widget elementor-widget-heading\" data-id=\"60afa28\" data-element_type=\"widget\" data-e-type=\"widget\" data-widget_type=\"heading.default\">\n\t\t\t\t<div class=\"elementor-widget-container\">\n\t\t\t\t\t<h2 class=\"elementor-heading-title elementor-size-default\">Profi business portr\u00e9 fot\u00f3z\u00e1sra van sz\u00fcks\u00e9ged?<\/h2>\t\t\t\t<\/div>\n\t\t\t\t<\/div>\n\t\t\t\t<div class=\"elementor-element elementor-element-1a48f964 elementor-widget__width-initial elementor-widget elementor-widget-text-editor\" data-id=\"1a48f964\" data-element_type=\"widget\" data-e-type=\"widget\" data-widget_type=\"text-editor.default\">\n\t\t\t\t<div class=\"elementor-widget-container\">\n\t\t\t\t\t\t\t\t\t<p><span>The <\/span><strong>G3 Studio<\/strong><span> most \u00fczleti portf\u00f3li\u00f3k k\u00e9sz\u00edt\u00e9s\u00e9vel b\u0151v\u00edti szolg\u00e1ltat\u00e1sait, hogy seg\u00edtsen neked \u00e9s csapatodnak a legjobb els\u0151 benyom\u00e1st kelteni. Egy profi fot\u00f3sorozat kiv\u00e1l\u00f3 eszk\u00f6z lehet ahhoz, hogy hiteles, magabiztos \u00e9s professzion\u00e1lis megjelen\u00e9st biztos\u00edts magadnak, koll\u00e9g\u00e1idnak vagy \u00fcgyfeleidnek.<\/span><\/p>\t\t\t\t\t\t\t\t<\/div>\n\t\t\t\t<\/div>\n\t\t\t\t<div class=\"elementor-element elementor-element-7f8d18e elementor-widget-divider--view-line elementor-widget elementor-widget-divider\" data-id=\"7f8d18e\" data-element_type=\"widget\" data-e-type=\"widget\" data-widget_type=\"divider.default\">\n\t\t\t\t<div class=\"elementor-widget-container\">\n\t\t\t\t\t\t\t<div class=\"elementor-divider\">\n\t\t\t<span class=\"elementor-divider-separator\">\n\t\t\t\t\t\t<\/span>\n\t\t<\/div>\n\t\t\t\t\t\t<\/div>\n\t\t\t\t<\/div>\n\t\t\t\t<div class=\"elementor-element elementor-element-0832d5e elementor-widget elementor-widget-heading\" data-id=\"0832d5e\" data-element_type=\"widget\" data-e-type=\"widget\" data-widget_type=\"heading.default\">\n\t\t\t\t<div class=\"elementor-widget-container\">\n\t\t\t\t\t<h2 class=\"elementor-heading-title elementor-size-default\">25 \u00e9v tapasztalat \u00fczleti fot\u00f3z\u00e1sban<\/h2>\t\t\t\t<\/div>\n\t\t\t\t<\/div>\n\t\t\t\t<div class=\"elementor-element elementor-element-acb6d76 elementor-widget elementor-widget-text-editor\" data-id=\"acb6d76\" data-element_type=\"widget\" data-e-type=\"widget\" data-widget_type=\"text-editor.default\">\n\t\t\t\t<div class=\"elementor-widget-container\">\n\t\t\t\t\t\t\t\t\t<p><span>The <\/span><strong>G3 Studio<\/strong><span> t\u00f6bb mint 25 \u00e9ves tapasztalattal rendelkezik, \u00e9s sz\u00e1mos neves c\u00e9g v\u00e1lasztotta m\u00e1r fot\u00f3z\u00e1si szolg\u00e1ltat\u00e1sainkat, p\u00e9ld\u00e1ul a <\/span><strong>TV2<\/strong><span>, <\/span><strong>Mayo Chix<\/strong><span>, <\/span><strong>RTL Klub<\/strong><span>, \u00e9s a <\/span><strong>Dorko<\/strong><span>. Az \u00fczleti portr\u00e9 fot\u00f3z\u00e1s sor\u00e1n magas min\u0151s\u00e9g\u0171 k\u00e9peket k\u00e9sz\u00edt\u00fcnk, amelyek alkalmasak weboldalakra, k\u00f6z\u00f6ss\u00e9gi m\u00e9di\u00e1ra vagy ak\u00e1r marketing kamp\u00e1nyokhoz is.<\/span><\/p>\t\t\t\t\t\t\t\t<\/div>\n\t\t\t\t<\/div>\n\t\t\t\t<div class=\"elementor-element elementor-element-c070f91 elementor-widget elementor-widget-heading\" data-id=\"c070f91\" data-element_type=\"widget\" data-e-type=\"widget\" data-widget_type=\"heading.default\">\n\t\t\t\t<div class=\"elementor-widget-container\">\n\t\t\t\t\t<h2 class=\"elementor-heading-title elementor-size-default\">Why choose G3 Studio for your Christmas photoshoot?<\/h2>\t\t\t\t<\/div>\n\t\t\t\t<\/div>\n\t\t\t\t<div class=\"elementor-element elementor-element-137da09 elementor-widget elementor-widget-text-editor\" data-id=\"137da09\" data-element_type=\"widget\" data-e-type=\"widget\" data-widget_type=\"text-editor.default\">\n\t\t\t\t<div class=\"elementor-widget-container\">\n\t\t\t\t\t\t\t\t\t<ul><li><strong>Szak\u00e9rtelem \u00e9s min\u0151s\u00e9g<\/strong>: T\u00f6bb \u00e9vtizedes tapasztalatunk garant\u00e1lja, hogy a legjobb eredm\u00e9nyeket \u00e9rd el.<\/li><li><strong>Professzion\u00e1lis megjelen\u00e9s<\/strong>: Seg\u00edt\u00fcnk, hogy a legjobban mutass a k\u00e9peken, \u00edgy kiemelkedhetsz a versenyt\u00e1rsak k\u00f6z\u00fcl.<\/li><li><strong>Rugalmas megold\u00e1sok<\/strong>: Egyedi ig\u00e9nyek szerint alak\u00edtjuk a fot\u00f3z\u00e1s r\u00e9szleteit, hogy az pontosan megfeleljen az elk\u00e9pzel\u00e9seidnek.<\/li><\/ul><h4><span>\u00c1raink<\/span><\/h4><p><span>21.000 Ft + \u00c1FA \/ 3 retus\u00e1lt k\u00e9p, ezen fel\u00fcl tov\u00e1bbi k\u00e9pek +7.000 Ft + \u00c1FA darab\u00e1ron \u00e9rhet\u0151ek el.<\/span><\/p>\t\t\t\t\t\t\t\t<\/div>\n\t\t\t\t<\/div>\n\t\t\t\t<div class=\"elementor-element elementor-element-715ca96 elementor-widget elementor-widget-text-editor\" data-id=\"715ca96\" data-element_type=\"widget\" data-e-type=\"widget\" data-widget_type=\"text-editor.default\">\n\t\t\t\t<div class=\"elementor-widget-container\">\n\t\t\t\t\t\t\t\t\t<p><span>Get in touch <\/span><a href=\"https:\/\/g3studio.hu\/en\/kapcsolat\/\" target=\"_blank\" rel=\"noopener\">with us<\/a><span>and let\u2019s discuss the details!<\/span><\/p>\t\t\t\t\t\t\t\t<\/div>\n\t\t\t\t<\/div>\n\t\t\t\t\t<\/div>\n\t\t<\/div>\n\t\t\t\t\t<\/div>\n\t\t<\/section>\n\t\t\t\t<section class=\"elementor-section elementor-top-section elementor-element elementor-element-db3dec2 elementor-section-boxed elementor-section-height-default elementor-section-height-default\" data-id=\"db3dec2\" data-element_type=\"section\" data-e-type=\"section\">\n\t\t\t\t\t\t<div class=\"elementor-container elementor-column-gap-extended\">\n\t\t\t\t\t<div class=\"elementor-column elementor-col-100 elementor-top-column elementor-element elementor-element-54781a6\" data-id=\"54781a6\" data-element_type=\"column\" data-e-type=\"column\">\n\t\t\t<div class=\"elementor-widget-wrap elementor-element-populated\">\n\t\t\t\t\t\t<div class=\"elementor-element elementor-element-af2ccf2 elementor-widget elementor-widget-image-gallery\" data-id=\"af2ccf2\" data-element_type=\"widget\" data-e-type=\"widget\" data-widget_type=\"image-gallery.default\">\n\t\t\t\t<div class=\"elementor-widget-container\">\n\t\t\t\t\t\t\t<div class=\"elementor-image-gallery\">\n\t\t\t\n\t\t<style type=\"text\/css\">\n\t\t\t#gallery-1 {\n\t\t\t\tmargin: auto;\n\t\t\t}\n\t\t\t#gallery-1 .gallery-item {\n\t\t\t\tfloat: left;\n\t\t\t\tmargin-top: 10px;\n\t\t\t\ttext-align: center;\n\t\t\t\twidth: 50%;\n\t\t\t}\n\t\t\t#gallery-1 img {\n\t\t\t\tborder: 2px solid #cfcfcf;\n\t\t\t}\n\t\t\t#gallery-1 .gallery-caption {\n\t\t\t\tmargin-left: 0;\n\t\t\t}\n\t\t\t\/* see gallery_shortcode() in wp-includes\/media.php *\/\n\t\t<\/style>\n\t\t<div id='gallery-1' class='gallery galleryid-1914 gallery-columns-2 gallery-size-large'><dl class='gallery-item'>\n\t\t\t<dt class='gallery-icon portrait'>\n\t\t\t\t<a data-elementor-open-lightbox=\"yes\" data-elementor-lightbox-slideshow=\"af2ccf2\" data-elementor-lightbox-title=\"DSC02042\" data-e-action-hash=\"#elementor-action%3Aaction%3Dlightbox%26settings%3DeyJpZCI6MjYwNCwidXJsIjoiaHR0cHM6XC9cL2czc3R1ZGlvLmh1XC93cC1jb250ZW50XC91cGxvYWRzXC8yMDI0XC8wMlwvRFNDMDIwNDItc2NhbGVkLmpwZyIsInNsaWRlc2hvdyI6ImFmMmNjZjIifQ%3D%3D\" href='https:\/\/g3studio.hu\/wp-content\/uploads\/2024\/02\/DSC02042-scaled.jpg'><img fetchpriority=\"high\" decoding=\"async\" width=\"683\" height=\"1024\" src=\"https:\/\/g3studio.hu\/wp-content\/uploads\/2024\/02\/DSC02042-683x1024.jpg\" class=\"attachment-large size-large\" alt=\"\" srcset=\"https:\/\/g3studio.hu\/wp-content\/uploads\/2024\/02\/DSC02042-683x1024.jpg.webp 683w, https:\/\/g3studio.hu\/wp-content\/uploads\/2024\/02\/DSC02042-200x300.jpg.webp 200w, https:\/\/g3studio.hu\/wp-content\/uploads\/2024\/02\/DSC02042-768x1152.jpg.webp 768w, https:\/\/g3studio.hu\/wp-content\/uploads\/2024\/02\/DSC02042-1024x1536.jpg.webp 1024w, https:\/\/g3studio.hu\/wp-content\/uploads\/2024\/02\/DSC02042-1366x2048.jpg.webp 1366w, https:\/\/g3studio.hu\/wp-content\/uploads\/2024\/02\/DSC02042-scaled.jpg.webp 1707w\" sizes=\"(max-width: 683px) 100vw, 683px\" title=\"Dsc02042   g3 st\u00fadi\u00f3\" \/><\/a>\n\t\t\t<\/dt><\/dl><dl class='gallery-item'>\n\t\t\t<dt class='gallery-icon portrait'>\n\t\t\t\t<a data-elementor-open-lightbox=\"yes\" data-elementor-lightbox-slideshow=\"af2ccf2\" data-elementor-lightbox-title=\"DSC03979\" data-e-action-hash=\"#elementor-action%3Aaction%3Dlightbox%26settings%3DeyJpZCI6MjYwNSwidXJsIjoiaHR0cHM6XC9cL2czc3R1ZGlvLmh1XC93cC1jb250ZW50XC91cGxvYWRzXC8yMDI0XC8wMlwvRFNDMDM5Nzktc2NhbGVkLmpwZyIsInNsaWRlc2hvdyI6ImFmMmNjZjIifQ%3D%3D\" href='https:\/\/g3studio.hu\/wp-content\/uploads\/2024\/02\/DSC03979-scaled.jpg'><img decoding=\"async\" width=\"683\" height=\"1024\" src=\"https:\/\/g3studio.hu\/wp-content\/uploads\/2024\/02\/DSC03979-683x1024.jpg\" class=\"attachment-large size-large\" alt=\"\" srcset=\"https:\/\/g3studio.hu\/wp-content\/uploads\/2024\/02\/DSC03979-683x1024.jpg.webp 683w, https:\/\/g3studio.hu\/wp-content\/uploads\/2024\/02\/DSC03979-200x300.jpg.webp 200w, https:\/\/g3studio.hu\/wp-content\/uploads\/2024\/02\/DSC03979-768x1151.jpg.webp 768w, https:\/\/g3studio.hu\/wp-content\/uploads\/2024\/02\/DSC03979-1025x1536.jpg.webp 1025w, https:\/\/g3studio.hu\/wp-content\/uploads\/2024\/02\/DSC03979-1366x2048.jpg.webp 1366w, https:\/\/g3studio.hu\/wp-content\/uploads\/2024\/02\/DSC03979-scaled.jpg.webp 1708w\" sizes=\"(max-width: 683px) 100vw, 683px\" title=\"Dsc03979   g3 st\u00fadi\u00f3\" \/><\/a>\n\t\t\t<\/dt><\/dl><br style=\"clear: both\" \/><dl class='gallery-item'>\n\t\t\t<dt class='gallery-icon portrait'>\n\t\t\t\t<a data-elementor-open-lightbox=\"yes\" data-elementor-lightbox-slideshow=\"af2ccf2\" data-elementor-lightbox-title=\"DSC05658\" data-e-action-hash=\"#elementor-action%3Aaction%3Dlightbox%26settings%3DeyJpZCI6MjYwNiwidXJsIjoiaHR0cHM6XC9cL2czc3R1ZGlvLmh1XC93cC1jb250ZW50XC91cGxvYWRzXC8yMDI0XC8wMlwvRFNDMDU2NTgtc2NhbGVkLmpwZyIsInNsaWRlc2hvdyI6ImFmMmNjZjIifQ%3D%3D\" href='https:\/\/g3studio.hu\/wp-content\/uploads\/2024\/02\/DSC05658-scaled.jpg'><img decoding=\"async\" width=\"683\" height=\"1024\" src=\"https:\/\/g3studio.hu\/wp-content\/uploads\/2024\/02\/DSC05658-683x1024.jpg\" class=\"attachment-large size-large\" alt=\"\" srcset=\"https:\/\/g3studio.hu\/wp-content\/uploads\/2024\/02\/DSC05658-683x1024.jpg.webp 683w, https:\/\/g3studio.hu\/wp-content\/uploads\/2024\/02\/DSC05658-200x300.jpg.webp 200w, https:\/\/g3studio.hu\/wp-content\/uploads\/2024\/02\/DSC05658-768x1152.jpg.webp 768w, https:\/\/g3studio.hu\/wp-content\/uploads\/2024\/02\/DSC05658-1024x1536.jpg.webp 1024w, https:\/\/g3studio.hu\/wp-content\/uploads\/2024\/02\/DSC05658-1366x2048.jpg.webp 1366w, https:\/\/g3studio.hu\/wp-content\/uploads\/2024\/02\/DSC05658-scaled.jpg.webp 1707w\" sizes=\"(max-width: 683px) 100vw, 683px\" title=\"Dsc05658   g3 st\u00fadi\u00f3\" \/><\/a>\n\t\t\t<\/dt><\/dl><dl class='gallery-item'>\n\t\t\t<dt class='gallery-icon portrait'>\n\t\t\t\t<a data-elementor-open-lightbox=\"yes\" data-elementor-lightbox-slideshow=\"af2ccf2\" data-elementor-lightbox-title=\"DSC06518\" data-e-action-hash=\"#elementor-action%3Aaction%3Dlightbox%26settings%3DeyJpZCI6MjYwNywidXJsIjoiaHR0cHM6XC9cL2czc3R1ZGlvLmh1XC93cC1jb250ZW50XC91cGxvYWRzXC8yMDI0XC8wMlwvRFNDMDY1MTgtc2NhbGVkLmpwZyIsInNsaWRlc2hvdyI6ImFmMmNjZjIifQ%3D%3D\" href='https:\/\/g3studio.hu\/wp-content\/uploads\/2024\/02\/DSC06518-scaled.jpg'><img loading=\"lazy\" decoding=\"async\" width=\"683\" height=\"1024\" src=\"https:\/\/g3studio.hu\/wp-content\/uploads\/2024\/02\/DSC06518-683x1024.jpg\" class=\"attachment-large size-large\" alt=\"\" srcset=\"https:\/\/g3studio.hu\/wp-content\/uploads\/2024\/02\/DSC06518-683x1024.jpg.webp 683w, https:\/\/g3studio.hu\/wp-content\/uploads\/2024\/02\/DSC06518-200x300.jpg.webp 200w, https:\/\/g3studio.hu\/wp-content\/uploads\/2024\/02\/DSC06518-768x1151.jpg.webp 768w, https:\/\/g3studio.hu\/wp-content\/uploads\/2024\/02\/DSC06518-1025x1536.jpg.webp 1025w, https:\/\/g3studio.hu\/wp-content\/uploads\/2024\/02\/DSC06518-1366x2048.jpg.webp 1366w, https:\/\/g3studio.hu\/wp-content\/uploads\/2024\/02\/DSC06518-scaled.jpg.webp 1708w\" sizes=\"(max-width: 683px) 100vw, 683px\" title=\"Dsc06518   g3 st\u00fadi\u00f3\" \/><\/a>\n\t\t\t<\/dt><\/dl><br style=\"clear: both\" \/><dl class='gallery-item'>\n\t\t\t<dt class='gallery-icon portrait'>\n\t\t\t\t<a data-elementor-open-lightbox=\"yes\" data-elementor-lightbox-slideshow=\"af2ccf2\" data-elementor-lightbox-title=\"DSC08209\" data-e-action-hash=\"#elementor-action%3Aaction%3Dlightbox%26settings%3DeyJpZCI6MjYwOCwidXJsIjoiaHR0cHM6XC9cL2czc3R1ZGlvLmh1XC93cC1jb250ZW50XC91cGxvYWRzXC8yMDI0XC8wMlwvRFNDMDgyMDktc2NhbGVkLmpwZyIsInNsaWRlc2hvdyI6ImFmMmNjZjIifQ%3D%3D\" href='https:\/\/g3studio.hu\/wp-content\/uploads\/2024\/02\/DSC08209-scaled.jpg'><img loading=\"lazy\" decoding=\"async\" width=\"683\" height=\"1024\" src=\"https:\/\/g3studio.hu\/wp-content\/uploads\/2024\/02\/DSC08209-683x1024.jpg\" class=\"attachment-large size-large\" alt=\"business portr\u00e9 fot\u00f3z\u00e1s\" srcset=\"https:\/\/g3studio.hu\/wp-content\/uploads\/2024\/02\/DSC08209-683x1024.jpg.webp 683w, https:\/\/g3studio.hu\/wp-content\/uploads\/2024\/02\/DSC08209-200x300.jpg.webp 200w, https:\/\/g3studio.hu\/wp-content\/uploads\/2024\/02\/DSC08209-768x1152.jpg.webp 768w, https:\/\/g3studio.hu\/wp-content\/uploads\/2024\/02\/DSC08209-1024x1536.jpg.webp 1024w, https:\/\/g3studio.hu\/wp-content\/uploads\/2024\/02\/DSC08209-1366x2048.jpg.webp 1366w, https:\/\/g3studio.hu\/wp-content\/uploads\/2024\/02\/DSC08209-scaled.jpg.webp 1707w\" sizes=\"(max-width: 683px) 100vw, 683px\" title=\"Dsc08209   g3 st\u00fadi\u00f3\" \/><\/a>\n\t\t\t<\/dt><\/dl>\n\t\t\t<br style='clear: both' \/>\n\t\t<\/div>\n\t\t<\/div>\n\t\t\t\t\t\t<\/div>\n\t\t\t\t<\/div>\n\t\t\t\t\t<\/div>\n\t\t<\/div>\n\t\t\t\t\t<\/div>\n\t\t<\/section>\n\t\t\t\t<\/div>","protected":false},"excerpt":{"rendered":"<p>Profi business portr\u00e9 fot\u00f3z\u00e1sra van sz\u00fcks\u00e9ged? A G3 St\u00fadi\u00f3 most \u00fczleti portf\u00f3li\u00f3k k\u00e9sz\u00edt\u00e9s\u00e9vel b\u0151v\u00edti szolg\u00e1ltat\u00e1sait, hogy seg\u00edtsen neked \u00e9s csapatodnak a legjobb els\u0151 benyom\u00e1st kelteni. Egy profi fot\u00f3sorozat kiv\u00e1l\u00f3 eszk\u00f6z lehet ahhoz, hogy hiteles, magabiztos \u00e9s professzion\u00e1lis megjelen\u00e9st biztos\u00edts magadnak, koll\u00e9g\u00e1idnak vagy \u00fcgyfeleidnek. 25 \u00e9v tapasztalat \u00fczleti fot\u00f3z\u00e1sban A G3 [&hellip;]<\/p>\n","protected":false},"author":8,"featured_media":2608,"parent":0,"menu_order":0,"comment_status":"closed","ping_status":"closed","template":"","meta":{"footnotes":""},"class_list":["post-1914","page","type-page","status-publish","has-post-thumbnail","hentry"],"aioseo_notices":[],"_links":{"self":[{"href":"https:\/\/g3studio.hu\/en\/wp-json\/wp\/v2\/pages\/1914","targetHints":{"allow":["GET"]}}],"collection":[{"href":"https:\/\/g3studio.hu\/en\/wp-json\/wp\/v2\/pages"}],"about":[{"href":"https:\/\/g3studio.hu\/en\/wp-json\/wp\/v2\/types\/page"}],"author":[{"embeddable":true,"href":"https:\/\/g3studio.hu\/en\/wp-json\/wp\/v2\/users\/8"}],"replies":[{"embeddable":true,"href":"https:\/\/g3studio.hu\/en\/wp-json\/wp\/v2\/comments?post=1914"}],"version-history":[{"count":27,"href":"https:\/\/g3studio.hu\/en\/wp-json\/wp\/v2\/pages\/1914\/revisions"}],"predecessor-version":[{"id":4142,"href":"https:\/\/g3studio.hu\/en\/wp-json\/wp\/v2\/pages\/1914\/revisions\/4142"}],"wp:featuredmedia":[{"embeddable":true,"href":"https:\/\/g3studio.hu\/en\/wp-json\/wp\/v2\/media\/2608"}],"wp:attachment":[{"href":"https:\/\/g3studio.hu\/en\/wp-json\/wp\/v2\/media?parent=1914"}],"curies":[{"name":"wp","href":"https:\/\/api.w.org\/{rel}","templated":true}]}}