{"id":1912,"date":"2022-07-25T15:25:20","date_gmt":"2022-07-25T15:25:20","guid":{"rendered":"https:\/\/g3studio.hu\/?page_id=1912"},"modified":"2026-03-09T10:13:51","modified_gmt":"2026-03-09T08:13:51","slug":"enterior-studio","status":"publish","type":"page","link":"https:\/\/g3studio.hu\/en\/enterior-studio\/","title":{"rendered":"Interior studio"},"content":{"rendered":"<div data-elementor-type=\"wp-page\" data-elementor-id=\"1912\" class=\"elementor elementor-1912\">\n\t\t\t\t\t\t<section class=\"elementor-section elementor-top-section elementor-element elementor-element-19198e8 elementor-section-height-min-height elementor-section-items-top elementor-section-boxed elementor-section-height-default\" data-id=\"19198e8\" data-element_type=\"section\" data-e-type=\"section\" data-settings=\"{&quot;background_background&quot;:&quot;classic&quot;}\">\n\t\t\t\t\t\t<div class=\"elementor-container elementor-column-gap-default\">\n\t\t\t\t\t<div class=\"elementor-column elementor-col-100 elementor-top-column elementor-element elementor-element-2a3ecd6\" data-id=\"2a3ecd6\" data-element_type=\"column\" data-e-type=\"column\">\n\t\t\t<div class=\"elementor-widget-wrap\">\n\t\t\t\t\t\t\t<\/div>\n\t\t<\/div>\n\t\t\t\t\t<\/div>\n\t\t<\/section>\n\t\t\t\t<section class=\"elementor-section elementor-top-section elementor-element elementor-element-769b7e57 elementor-section-boxed elementor-section-height-default elementor-section-height-default\" data-id=\"769b7e57\" data-element_type=\"section\" data-e-type=\"section\">\n\t\t\t\t\t\t<div class=\"elementor-container elementor-column-gap-extended\">\n\t\t\t\t\t<div class=\"elementor-column elementor-col-100 elementor-top-column elementor-element elementor-element-120d70a3\" data-id=\"120d70a3\" data-element_type=\"column\" data-e-type=\"column\">\n\t\t\t<div class=\"elementor-widget-wrap elementor-element-populated\">\n\t\t\t\t\t\t<div class=\"elementor-element elementor-element-d2b1645 elementor-widget elementor-widget-text-editor\" data-id=\"d2b1645\" data-element_type=\"widget\" data-e-type=\"widget\" data-widget_type=\"text-editor.default\">\n\t\t\t\t<div class=\"elementor-widget-container\">\n\t\t\t\t\t\t\t\t\t<h1><span style=\"background-color: rgba(255, 255, 255, 0.67); font-color: black; font-weight: bold; line-height: 27px; color: #000000;\">We are proud to present to you our new space and G3's first interior studio.<\/span><\/h1><p>This studio is divided into two parts and decorated in different styles.<\/p><p>We've created an elegant interior and an rustic loft interior for you<\/p>\t\t\t\t\t\t\t\t<\/div>\n\t\t\t\t<\/div>\n\t\t\t\t<div class=\"elementor-element elementor-element-65b3177c elementor-widget elementor-widget-text-editor\" data-id=\"65b3177c\" data-element_type=\"widget\" data-e-type=\"widget\" data-widget_type=\"text-editor.default\">\n\t\t\t\t<div class=\"elementor-widget-container\">\n\t\t\t\t\t\t\t\t\t<h1>Elegant design<\/h1><p>This is just one half of the room, which has been given a more elegant light grey design with a touch of gold and bookshelves, while the adjacent wall is clean and beautifully coffered, with freely variable furniture for you to take your most beautiful pictures. The cassette background can also be used as a lookbook background.<\/p>\t\t\t\t\t\t\t\t<\/div>\n\t\t\t\t<\/div>\n\t\t\t\t\t<\/div>\n\t\t<\/div>\n\t\t\t\t\t<\/div>\n\t\t<\/section>\n\t\t\t\t<section class=\"elementor-section elementor-top-section elementor-element elementor-element-420929a elementor-section-boxed elementor-section-height-default elementor-section-height-default\" data-id=\"420929a\" data-element_type=\"section\" data-e-type=\"section\">\n\t\t\t\t\t\t<div class=\"elementor-container elementor-column-gap-extended\">\n\t\t\t\t\t<div class=\"elementor-column elementor-col-100 elementor-top-column elementor-element elementor-element-3d34747\" data-id=\"3d34747\" data-element_type=\"column\" data-e-type=\"column\">\n\t\t\t<div class=\"elementor-widget-wrap\">\n\t\t\t\t\t\t\t<\/div>\n\t\t<\/div>\n\t\t\t\t\t<\/div>\n\t\t<\/section>\n\t\t\t\t<section class=\"elementor-section elementor-top-section elementor-element elementor-element-6df6683 elementor-section-boxed elementor-section-height-default elementor-section-height-default\" data-id=\"6df6683\" data-element_type=\"section\" data-e-type=\"section\">\n\t\t\t\t\t\t<div class=\"elementor-container elementor-column-gap-extended\">\n\t\t\t\t\t<div class=\"elementor-column elementor-col-100 elementor-top-column elementor-element elementor-element-799bab4\" data-id=\"799bab4\" data-element_type=\"column\" data-e-type=\"column\">\n\t\t\t<div class=\"elementor-widget-wrap elementor-element-populated\">\n\t\t\t\t\t\t<div class=\"elementor-element elementor-element-2ce070f elementor-widget elementor-widget-text-editor\" data-id=\"2ce070f\" data-element_type=\"widget\" data-e-type=\"widget\" data-widget_type=\"text-editor.default\">\n\t\t\t\t<div class=\"elementor-widget-container\">\n\t\t\t\t\t\t\t\t\t<h1>Loft industrial design<\/h1><p>In contrast to the elegant part, here we have dreamed up a very cool, slightly more shabby, rustic loft trend. However, if you want to make the most of both parts, we've designed everything to be in one space, so you don't have to book twice, you're free to vary everything. \ud83d\ude42<\/p>\t\t\t\t\t\t\t\t<\/div>\n\t\t\t\t<\/div>\n\t\t\t\t\t<\/div>\n\t\t<\/div>\n\t\t\t\t\t<\/div>\n\t\t<\/section>\n\t\t\t\t<section class=\"elementor-section elementor-top-section elementor-element elementor-element-9350e52 elementor-section-boxed elementor-section-height-default elementor-section-height-default\" data-id=\"9350e52\" data-element_type=\"section\" data-e-type=\"section\">\n\t\t\t\t\t\t<div class=\"elementor-container elementor-column-gap-extended\">\n\t\t\t\t\t<div class=\"elementor-column elementor-col-100 elementor-top-column elementor-element elementor-element-1493806\" data-id=\"1493806\" data-element_type=\"column\" data-e-type=\"column\">\n\t\t\t<div class=\"elementor-widget-wrap elementor-element-populated\">\n\t\t\t\t\t\t<div class=\"elementor-element elementor-element-17a14e0 elementor-widget elementor-widget-image-gallery\" data-id=\"17a14e0\" data-element_type=\"widget\" data-e-type=\"widget\" data-widget_type=\"image-gallery.default\">\n\t\t\t\t<div class=\"elementor-widget-container\">\n\t\t\t\t\t\t\t<div class=\"elementor-image-gallery\">\n\t\t\t\n\t\t<style type=\"text\/css\">\n\t\t\t#gallery-1 {\n\t\t\t\tmargin: auto;\n\t\t\t}\n\t\t\t#gallery-1 .gallery-item {\n\t\t\t\tfloat: left;\n\t\t\t\tmargin-top: 10px;\n\t\t\t\ttext-align: center;\n\t\t\t\twidth: 50%;\n\t\t\t}\n\t\t\t#gallery-1 img {\n\t\t\t\tborder: 2px solid #cfcfcf;\n\t\t\t}\n\t\t\t#gallery-1 .gallery-caption {\n\t\t\t\tmargin-left: 0;\n\t\t\t}\n\t\t\t\/* see gallery_shortcode() in wp-includes\/media.php *\/\n\t\t<\/style>\n\t\t<div id='gallery-1' class='gallery galleryid-1912 gallery-columns-2 gallery-size-large'><dl class='gallery-item'>\n\t\t\t<dt class='gallery-icon landscape'>\n\t\t\t\t<a data-elementor-open-lightbox=\"yes\" data-elementor-lightbox-slideshow=\"17a14e0\" data-elementor-lightbox-title=\"g3_enterior_egyik_fele\" data-e-action-hash=\"#elementor-action%3Aaction%3Dlightbox%26settings%3DeyJpZCI6MzI1NSwidXJsIjoiaHR0cHM6XC9cL2czc3R1ZGlvLmh1XC93cC1jb250ZW50XC91cGxvYWRzXC8yMDI0XC8wNlwvZzNfZW50ZXJpb3JfZWd5aWtfZmVsZS1zY2FsZWQuanBnIiwic2xpZGVzaG93IjoiMTdhMTRlMCJ9\" href='https:\/\/g3studio.hu\/wp-content\/uploads\/2024\/06\/g3_enterior_egyik_fele-scaled.jpg'><img fetchpriority=\"high\" decoding=\"async\" width=\"750\" height=\"563\" src=\"https:\/\/g3studio.hu\/wp-content\/uploads\/2024\/06\/g3_enterior_egyik_fele-1024x768.jpg\" class=\"attachment-large size-large\" alt=\"enteri\u0151r\" srcset=\"https:\/\/g3studio.hu\/wp-content\/uploads\/2024\/06\/g3_enterior_egyik_fele-1024x768.jpg.webp 1024w, https:\/\/g3studio.hu\/wp-content\/uploads\/2024\/06\/g3_enterior_egyik_fele-300x225.jpg.webp 300w, https:\/\/g3studio.hu\/wp-content\/uploads\/2024\/06\/g3_enterior_egyik_fele-768x576.jpg.webp 768w, https:\/\/g3studio.hu\/wp-content\/uploads\/2024\/06\/g3_enterior_egyik_fele-1536x1152.jpg.webp 1536w, https:\/\/g3studio.hu\/wp-content\/uploads\/2024\/06\/g3_enterior_egyik_fele-2048x1536.jpg.webp 2048w\" sizes=\"(max-width: 750px) 100vw, 750px\" title=\"G3_enterior_egyik_fele   g3 st\u00fadi\u00f3\" \/><\/a>\n\t\t\t<\/dt><\/dl><dl class='gallery-item'>\n\t\t\t<dt class='gallery-icon landscape'>\n\t\t\t\t<a data-elementor-open-lightbox=\"yes\" data-elementor-lightbox-slideshow=\"17a14e0\" data-elementor-lightbox-title=\"g3_enterior_masik_fele\" data-e-action-hash=\"#elementor-action%3Aaction%3Dlightbox%26settings%3DeyJpZCI6MzI1NiwidXJsIjoiaHR0cHM6XC9cL2czc3R1ZGlvLmh1XC93cC1jb250ZW50XC91cGxvYWRzXC8yMDI0XC8wNlwvZzNfZW50ZXJpb3JfbWFzaWtfZmVsZS1zY2FsZWQuanBnIiwic2xpZGVzaG93IjoiMTdhMTRlMCJ9\" href='https:\/\/g3studio.hu\/wp-content\/uploads\/2024\/06\/g3_enterior_masik_fele-scaled.jpg'><img decoding=\"async\" width=\"750\" height=\"563\" src=\"https:\/\/g3studio.hu\/wp-content\/uploads\/2024\/06\/g3_enterior_masik_fele-1024x768.jpg\" class=\"attachment-large size-large\" alt=\"enteri\u0151r\" srcset=\"https:\/\/g3studio.hu\/wp-content\/uploads\/2024\/06\/g3_enterior_masik_fele-1024x768.jpg.webp 1024w, https:\/\/g3studio.hu\/wp-content\/uploads\/2024\/06\/g3_enterior_masik_fele-300x225.jpg.webp 300w, https:\/\/g3studio.hu\/wp-content\/uploads\/2024\/06\/g3_enterior_masik_fele-768x576.jpg.webp 768w, https:\/\/g3studio.hu\/wp-content\/uploads\/2024\/06\/g3_enterior_masik_fele-1536x1152.jpg.webp 1536w, https:\/\/g3studio.hu\/wp-content\/uploads\/2024\/06\/g3_enterior_masik_fele-2048x1536.jpg.webp 2048w\" sizes=\"(max-width: 750px) 100vw, 750px\" title=\"G3_enterior_masik_fele   g3 st\u00fadi\u00f3\" \/><\/a>\n\t\t\t<\/dt><\/dl><br style=\"clear: both\" \/>\n\t\t<\/div>\n\t\t<\/div>\n\t\t\t\t\t\t<\/div>\n\t\t\t\t<\/div>\n\t\t\t\t<div class=\"elementor-element elementor-element-ccecfd2 elementor-widget elementor-widget-text-editor\" data-id=\"ccecfd2\" data-element_type=\"widget\" data-e-type=\"widget\" data-widget_type=\"text-editor.default\">\n\t\t\t\t<div class=\"elementor-widget-container\">\n\t\t\t\t\t\t\t\t\t<p><span>At our entertainer photography studio, we understand that everyone has different tastes and ideas about how to create the perfect space. That's why our studio d\u00e9cor can be freely varied to provide the best environment for everyone. Whether it's minimalist, modern or classic, we make it easy to create the interior that best suits your vision, so your photos will always look their best.<\/span><\/p>\t\t\t\t\t\t\t\t<\/div>\n\t\t\t\t<\/div>\n\t\t\t\t<div class=\"elementor-element elementor-element-b080f08 elementor-widget elementor-widget-image-gallery\" data-id=\"b080f08\" data-element_type=\"widget\" data-e-type=\"widget\" data-widget_type=\"image-gallery.default\">\n\t\t\t\t<div class=\"elementor-widget-container\">\n\t\t\t\t\t\t\t<div class=\"elementor-image-gallery\">\n\t\t\t\n\t\t<style type=\"text\/css\">\n\t\t\t#gallery-2 {\n\t\t\t\tmargin: auto;\n\t\t\t}\n\t\t\t#gallery-2 .gallery-item {\n\t\t\t\tfloat: left;\n\t\t\t\tmargin-top: 10px;\n\t\t\t\ttext-align: center;\n\t\t\t\twidth: 50%;\n\t\t\t}\n\t\t\t#gallery-2 img {\n\t\t\t\tborder: 2px solid #cfcfcf;\n\t\t\t}\n\t\t\t#gallery-2 .gallery-caption {\n\t\t\t\tmargin-left: 0;\n\t\t\t}\n\t\t\t\/* see gallery_shortcode() in wp-includes\/media.php *\/\n\t\t<\/style>\n\t\t<div id='gallery-2' class='gallery galleryid-1912 gallery-columns-2 gallery-size-large'><dl class='gallery-item'>\n\t\t\t<dt class='gallery-icon landscape'>\n\t\t\t\t<a data-elementor-open-lightbox=\"yes\" data-elementor-lightbox-slideshow=\"b080f08\" data-elementor-lightbox-title=\"IMG_7221\" data-e-action-hash=\"#elementor-action%3Aaction%3Dlightbox%26settings%3DeyJpZCI6MzI2MCwidXJsIjoiaHR0cHM6XC9cL2czc3R1ZGlvLmh1XC93cC1jb250ZW50XC91cGxvYWRzXC8yMDI0XC8wNlwvSU1HXzcyMjEtc2NhbGVkLmpwZyIsInNsaWRlc2hvdyI6ImIwODBmMDgifQ%3D%3D\" href='https:\/\/g3studio.hu\/wp-content\/uploads\/2024\/06\/IMG_7221-scaled.jpg'><img decoding=\"async\" width=\"750\" height=\"563\" src=\"https:\/\/g3studio.hu\/wp-content\/uploads\/2024\/06\/IMG_7221-1024x768.jpg\" class=\"attachment-large size-large\" alt=\"enteri\u0151r\" srcset=\"https:\/\/g3studio.hu\/wp-content\/uploads\/2024\/06\/IMG_7221-1024x768.jpg.webp 1024w, https:\/\/g3studio.hu\/wp-content\/uploads\/2024\/06\/IMG_7221-300x225.jpg.webp 300w, https:\/\/g3studio.hu\/wp-content\/uploads\/2024\/06\/IMG_7221-768x576.jpg.webp 768w, https:\/\/g3studio.hu\/wp-content\/uploads\/2024\/06\/IMG_7221-1536x1152.jpg.webp 1536w, https:\/\/g3studio.hu\/wp-content\/uploads\/2024\/06\/IMG_7221-2048x1536.jpg.webp 2048w\" sizes=\"(max-width: 750px) 100vw, 750px\" title=\"Img_7221   g3 st\u00fadi\u00f3\" \/><\/a>\n\t\t\t<\/dt><\/dl><dl class='gallery-item'>\n\t\t\t<dt class='gallery-icon landscape'>\n\t\t\t\t<a data-elementor-open-lightbox=\"yes\" data-elementor-lightbox-slideshow=\"b080f08\" data-elementor-lightbox-title=\"IMG_7214\" data-e-action-hash=\"#elementor-action%3Aaction%3Dlightbox%26settings%3DeyJpZCI6MzI2NCwidXJsIjoiaHR0cHM6XC9cL2czc3R1ZGlvLmh1XC93cC1jb250ZW50XC91cGxvYWRzXC8yMDI0XC8wNlwvSU1HXzcyMTQtc2NhbGVkLmpwZyIsInNsaWRlc2hvdyI6ImIwODBmMDgifQ%3D%3D\" href='https:\/\/g3studio.hu\/wp-content\/uploads\/2024\/06\/IMG_7214-scaled.jpg'><img loading=\"lazy\" decoding=\"async\" width=\"750\" height=\"563\" src=\"https:\/\/g3studio.hu\/wp-content\/uploads\/2024\/06\/IMG_7214-1024x768.jpg\" class=\"attachment-large size-large\" alt=\"enteri\u0151r\" srcset=\"https:\/\/g3studio.hu\/wp-content\/uploads\/2024\/06\/IMG_7214-1024x768.jpg.webp 1024w, https:\/\/g3studio.hu\/wp-content\/uploads\/2024\/06\/IMG_7214-300x225.jpg.webp 300w, https:\/\/g3studio.hu\/wp-content\/uploads\/2024\/06\/IMG_7214-768x576.jpg.webp 768w, https:\/\/g3studio.hu\/wp-content\/uploads\/2024\/06\/IMG_7214-1536x1152.jpg.webp 1536w, https:\/\/g3studio.hu\/wp-content\/uploads\/2024\/06\/IMG_7214-2048x1536.jpg.webp 2048w\" sizes=\"(max-width: 750px) 100vw, 750px\" title=\"Img_7214   g3 st\u00fadi\u00f3\" \/><\/a>\n\t\t\t<\/dt><\/dl><br style=\"clear: both\" \/><dl class='gallery-item'>\n\t\t\t<dt class='gallery-icon landscape'>\n\t\t\t\t<a data-elementor-open-lightbox=\"yes\" data-elementor-lightbox-slideshow=\"b080f08\" data-elementor-lightbox-title=\"IMG_7216\" data-e-action-hash=\"#elementor-action%3Aaction%3Dlightbox%26settings%3DeyJpZCI6MzI2MywidXJsIjoiaHR0cHM6XC9cL2czc3R1ZGlvLmh1XC93cC1jb250ZW50XC91cGxvYWRzXC8yMDI0XC8wNlwvSU1HXzcyMTYtc2NhbGVkLmpwZyIsInNsaWRlc2hvdyI6ImIwODBmMDgifQ%3D%3D\" href='https:\/\/g3studio.hu\/wp-content\/uploads\/2024\/06\/IMG_7216-scaled.jpg'><img loading=\"lazy\" decoding=\"async\" width=\"750\" height=\"563\" src=\"https:\/\/g3studio.hu\/wp-content\/uploads\/2024\/06\/IMG_7216-1024x768.jpg\" class=\"attachment-large size-large\" alt=\"enteri\u0151r\" srcset=\"https:\/\/g3studio.hu\/wp-content\/uploads\/2024\/06\/IMG_7216-1024x768.jpg.webp 1024w, https:\/\/g3studio.hu\/wp-content\/uploads\/2024\/06\/IMG_7216-300x225.jpg.webp 300w, https:\/\/g3studio.hu\/wp-content\/uploads\/2024\/06\/IMG_7216-768x576.jpg.webp 768w, https:\/\/g3studio.hu\/wp-content\/uploads\/2024\/06\/IMG_7216-1536x1152.jpg.webp 1536w, https:\/\/g3studio.hu\/wp-content\/uploads\/2024\/06\/IMG_7216-2048x1536.jpg.webp 2048w\" sizes=\"(max-width: 750px) 100vw, 750px\" title=\"Img_7216   g3 st\u00fadi\u00f3\" \/><\/a>\n\t\t\t<\/dt><\/dl><dl class='gallery-item'>\n\t\t\t<dt class='gallery-icon landscape'>\n\t\t\t\t<a data-elementor-open-lightbox=\"yes\" data-elementor-lightbox-slideshow=\"b080f08\" data-elementor-lightbox-title=\"IMG_7217\" data-e-action-hash=\"#elementor-action%3Aaction%3Dlightbox%26settings%3DeyJpZCI6MzI2MiwidXJsIjoiaHR0cHM6XC9cL2czc3R1ZGlvLmh1XC93cC1jb250ZW50XC91cGxvYWRzXC8yMDI0XC8wNlwvSU1HXzcyMTctc2NhbGVkLmpwZyIsInNsaWRlc2hvdyI6ImIwODBmMDgifQ%3D%3D\" href='https:\/\/g3studio.hu\/wp-content\/uploads\/2024\/06\/IMG_7217-scaled.jpg'><img loading=\"lazy\" decoding=\"async\" width=\"750\" height=\"563\" src=\"https:\/\/g3studio.hu\/wp-content\/uploads\/2024\/06\/IMG_7217-1024x768.jpg\" class=\"attachment-large size-large\" alt=\"enteri\u0151r\" srcset=\"https:\/\/g3studio.hu\/wp-content\/uploads\/2024\/06\/IMG_7217-1024x768.jpg.webp 1024w, https:\/\/g3studio.hu\/wp-content\/uploads\/2024\/06\/IMG_7217-300x225.jpg.webp 300w, https:\/\/g3studio.hu\/wp-content\/uploads\/2024\/06\/IMG_7217-768x576.jpg.webp 768w, https:\/\/g3studio.hu\/wp-content\/uploads\/2024\/06\/IMG_7217-1536x1152.jpg.webp 1536w, https:\/\/g3studio.hu\/wp-content\/uploads\/2024\/06\/IMG_7217-2048x1536.jpg.webp 2048w\" sizes=\"(max-width: 750px) 100vw, 750px\" title=\"Img_7217   g3 st\u00fadi\u00f3\" \/><\/a>\n\t\t\t<\/dt><\/dl><br style=\"clear: both\" \/><dl class='gallery-item'>\n\t\t\t<dt class='gallery-icon landscape'>\n\t\t\t\t<a data-elementor-open-lightbox=\"yes\" data-elementor-lightbox-slideshow=\"b080f08\" data-elementor-lightbox-title=\"IMG_7220\" data-e-action-hash=\"#elementor-action%3Aaction%3Dlightbox%26settings%3DeyJpZCI6MzI2MSwidXJsIjoiaHR0cHM6XC9cL2czc3R1ZGlvLmh1XC93cC1jb250ZW50XC91cGxvYWRzXC8yMDI0XC8wNlwvSU1HXzcyMjAtc2NhbGVkLmpwZyIsInNsaWRlc2hvdyI6ImIwODBmMDgifQ%3D%3D\" href='https:\/\/g3studio.hu\/wp-content\/uploads\/2024\/06\/IMG_7220-scaled.jpg'><img loading=\"lazy\" decoding=\"async\" width=\"750\" height=\"563\" src=\"https:\/\/g3studio.hu\/wp-content\/uploads\/2024\/06\/IMG_7220-1024x768.jpg\" class=\"attachment-large size-large\" alt=\"enteri\u0151r\" srcset=\"https:\/\/g3studio.hu\/wp-content\/uploads\/2024\/06\/IMG_7220-1024x768.jpg.webp 1024w, https:\/\/g3studio.hu\/wp-content\/uploads\/2024\/06\/IMG_7220-300x225.jpg.webp 300w, https:\/\/g3studio.hu\/wp-content\/uploads\/2024\/06\/IMG_7220-768x576.jpg.webp 768w, https:\/\/g3studio.hu\/wp-content\/uploads\/2024\/06\/IMG_7220-1536x1152.jpg.webp 1536w, https:\/\/g3studio.hu\/wp-content\/uploads\/2024\/06\/IMG_7220-2048x1536.jpg.webp 2048w\" sizes=\"(max-width: 750px) 100vw, 750px\" title=\"Img_7220   g3 st\u00fadi\u00f3\" \/><\/a>\n\t\t\t<\/dt><\/dl><dl class='gallery-item'>\n\t\t\t<dt class='gallery-icon landscape'>\n\t\t\t\t<a data-elementor-open-lightbox=\"yes\" data-elementor-lightbox-slideshow=\"b080f08\" data-elementor-lightbox-title=\"IMG_7226\" data-e-action-hash=\"#elementor-action%3Aaction%3Dlightbox%26settings%3DeyJpZCI6MzI1OSwidXJsIjoiaHR0cHM6XC9cL2czc3R1ZGlvLmh1XC93cC1jb250ZW50XC91cGxvYWRzXC8yMDI0XC8wNlwvSU1HXzcyMjYtc2NhbGVkLmpwZyIsInNsaWRlc2hvdyI6ImIwODBmMDgifQ%3D%3D\" href='https:\/\/g3studio.hu\/wp-content\/uploads\/2024\/06\/IMG_7226-scaled.jpg'><img loading=\"lazy\" decoding=\"async\" width=\"750\" height=\"563\" src=\"https:\/\/g3studio.hu\/wp-content\/uploads\/2024\/06\/IMG_7226-1024x768.jpg\" class=\"attachment-large size-large\" alt=\"enteri\u0151r\" srcset=\"https:\/\/g3studio.hu\/wp-content\/uploads\/2024\/06\/IMG_7226-1024x768.jpg.webp 1024w, https:\/\/g3studio.hu\/wp-content\/uploads\/2024\/06\/IMG_7226-300x225.jpg.webp 300w, https:\/\/g3studio.hu\/wp-content\/uploads\/2024\/06\/IMG_7226-768x576.jpg.webp 768w, https:\/\/g3studio.hu\/wp-content\/uploads\/2024\/06\/IMG_7226-1536x1152.jpg.webp 1536w, https:\/\/g3studio.hu\/wp-content\/uploads\/2024\/06\/IMG_7226-2048x1536.jpg.webp 2048w\" sizes=\"(max-width: 750px) 100vw, 750px\" title=\"Img_7226   g3 st\u00fadi\u00f3\" \/><\/a>\n\t\t\t<\/dt><\/dl><br style=\"clear: both\" \/><dl class='gallery-item'>\n\t\t\t<dt class='gallery-icon landscape'>\n\t\t\t\t<a data-elementor-open-lightbox=\"yes\" data-elementor-lightbox-slideshow=\"b080f08\" data-elementor-lightbox-title=\"IMG_7230\" data-e-action-hash=\"#elementor-action%3Aaction%3Dlightbox%26settings%3DeyJpZCI6MzI1OCwidXJsIjoiaHR0cHM6XC9cL2czc3R1ZGlvLmh1XC93cC1jb250ZW50XC91cGxvYWRzXC8yMDI0XC8wNlwvSU1HXzcyMzAtc2NhbGVkLmpwZyIsInNsaWRlc2hvdyI6ImIwODBmMDgifQ%3D%3D\" href='https:\/\/g3studio.hu\/wp-content\/uploads\/2024\/06\/IMG_7230-scaled.jpg'><img loading=\"lazy\" decoding=\"async\" width=\"750\" height=\"563\" src=\"https:\/\/g3studio.hu\/wp-content\/uploads\/2024\/06\/IMG_7230-1024x768.jpg\" class=\"attachment-large size-large\" alt=\"enteri\u0151r\" srcset=\"https:\/\/g3studio.hu\/wp-content\/uploads\/2024\/06\/IMG_7230-1024x768.jpg.webp 1024w, https:\/\/g3studio.hu\/wp-content\/uploads\/2024\/06\/IMG_7230-300x225.jpg.webp 300w, https:\/\/g3studio.hu\/wp-content\/uploads\/2024\/06\/IMG_7230-768x576.jpg.webp 768w, https:\/\/g3studio.hu\/wp-content\/uploads\/2024\/06\/IMG_7230-1536x1152.jpg.webp 1536w, https:\/\/g3studio.hu\/wp-content\/uploads\/2024\/06\/IMG_7230-2048x1536.jpg.webp 2048w\" sizes=\"(max-width: 750px) 100vw, 750px\" title=\"Img_7230   g3 st\u00fadi\u00f3\" \/><\/a>\n\t\t\t<\/dt><\/dl>\n\t\t\t<br style='clear: both' \/>\n\t\t<\/div>\n\t\t<\/div>\n\t\t\t\t\t\t<\/div>\n\t\t\t\t<\/div>\n\t\t\t\t\t<\/div>\n\t\t<\/div>\n\t\t\t\t\t<\/div>\n\t\t<\/section>\n\t\t\t\t<section class=\"elementor-section elementor-top-section elementor-element elementor-element-829e5c2 elementor-section-boxed elementor-section-height-default elementor-section-height-default\" data-id=\"829e5c2\" data-element_type=\"section\" data-e-type=\"section\">\n\t\t\t\t\t\t<div class=\"elementor-container elementor-column-gap-extended\">\n\t\t\t\t\t<div class=\"elementor-column elementor-col-100 elementor-top-column elementor-element elementor-element-e9990e1\" data-id=\"e9990e1\" data-element_type=\"column\" data-e-type=\"column\">\n\t\t\t<div class=\"elementor-widget-wrap elementor-element-populated\">\n\t\t\t\t\t\t<div class=\"elementor-element elementor-element-798c237 elementor-widget elementor-widget-text-editor\" data-id=\"798c237\" data-element_type=\"widget\" data-e-type=\"widget\" data-widget_type=\"text-editor.default\">\n\t\t\t\t<div class=\"elementor-widget-container\">\n\t\t\t\t\t\t\t\t\t<h1>Interior studio rental price<\/h1><p>You can find detailed prices <a href=\"https:\/\/g3studio.hu\/en\/foto-studio-berles\/\" target=\"_blank\" rel=\"noopener\">on the photo studio rental prices<\/a> page.<\/p><p>With a rental, you have the entire interior studio to yourself, using whichever design you want - or both.<\/p>\t\t\t\t\t\t\t\t<\/div>\n\t\t\t\t<\/div>\n\t\t\t\t\t<\/div>\n\t\t<\/div>\n\t\t\t\t\t<\/div>\n\t\t<\/section>\n\t\t\t\t<section class=\"elementor-section elementor-top-section elementor-element elementor-element-1c9bc94 elementor-section-boxed elementor-section-height-default elementor-section-height-default\" data-id=\"1c9bc94\" data-element_type=\"section\" data-e-type=\"section\">\n\t\t\t\t\t\t<div class=\"elementor-container elementor-column-gap-default\">\n\t\t\t\t\t<div class=\"elementor-column elementor-col-100 elementor-top-column elementor-element elementor-element-a138365\" data-id=\"a138365\" data-element_type=\"column\" data-e-type=\"column\">\n\t\t\t<div class=\"elementor-widget-wrap elementor-element-populated\">\n\t\t\t\t\t\t<div class=\"elementor-element elementor-element-1a5022a elementor-widget__width-initial elementor-widget elementor-widget-video\" data-id=\"1a5022a\" data-element_type=\"widget\" data-e-type=\"widget\" data-settings=\"{&quot;video_type&quot;:&quot;hosted&quot;,&quot;start&quot;:0,&quot;controls&quot;:&quot;yes&quot;}\" data-widget_type=\"video.default\">\n\t\t\t\t<div class=\"elementor-widget-container\">\n\t\t\t\t\t\t\t<div class=\"e-hosted-video elementor-wrapper elementor-open-inline\">\n\t\t\t\t\t<video class=\"elementor-video\" src=\"https:\/\/g3studio.hu\/wp-content\/uploads\/2022\/10\/g3_interior-uj.mp4\" controls=\"\" preload=\"metadata\" controlslist=\"nodownload\"><\/video>\n\t\t\t\t<\/div>\n\t\t\t\t\t\t<\/div>\n\t\t\t\t<\/div>\n\t\t\t\t\t<\/div>\n\t\t<\/div>\n\t\t\t\t\t<\/div>\n\t\t<\/section>\n\t\t\t\t<\/div>","protected":false},"excerpt":{"rendered":"<p>B\u00fcszk\u00e9n mutatjuk be Nektek \u00faj term\u00fcnket, egyben a G3 els\u0151 enteri\u0151r st\u00fadi\u00f3j\u00e1t. Ez a st\u00fadi\u00f3 k\u00e9t r\u00e9szre van osztva, \u00e9s k\u00fcl\u00f6nb\u00f6z\u0151 st\u00edlusban berendezve. Kialak\u00edtottunk nektek egy eleg\u00e1ns enteri\u0151rt, \u00e9s egy indusztri\u00e1lis loft enteri\u0151rt Eleg\u00e1ns design Ez csak a terem egyik fele, ami egy eleg\u00e1nsabb, vil\u00e1gossz\u00fcrke designt kapott egy kis arannyal [&hellip;]<\/p>\n","protected":false},"author":8,"featured_media":2061,"parent":0,"menu_order":0,"comment_status":"closed","ping_status":"closed","template":"elementor_header_footer","meta":{"footnotes":""},"class_list":["post-1912","page","type-page","status-publish","has-post-thumbnail","hentry"],"aioseo_notices":[],"_links":{"self":[{"href":"https:\/\/g3studio.hu\/en\/wp-json\/wp\/v2\/pages\/1912","targetHints":{"allow":["GET"]}}],"collection":[{"href":"https:\/\/g3studio.hu\/en\/wp-json\/wp\/v2\/pages"}],"about":[{"href":"https:\/\/g3studio.hu\/en\/wp-json\/wp\/v2\/types\/page"}],"author":[{"embeddable":true,"href":"https:\/\/g3studio.hu\/en\/wp-json\/wp\/v2\/users\/8"}],"replies":[{"embeddable":true,"href":"https:\/\/g3studio.hu\/en\/wp-json\/wp\/v2\/comments?post=1912"}],"version-history":[{"count":160,"href":"https:\/\/g3studio.hu\/en\/wp-json\/wp\/v2\/pages\/1912\/revisions"}],"predecessor-version":[{"id":3267,"href":"https:\/\/g3studio.hu\/en\/wp-json\/wp\/v2\/pages\/1912\/revisions\/3267"}],"wp:featuredmedia":[{"embeddable":true,"href":"https:\/\/g3studio.hu\/en\/wp-json\/wp\/v2\/media\/2061"}],"wp:attachment":[{"href":"https:\/\/g3studio.hu\/en\/wp-json\/wp\/v2\/media?parent=1912"}],"curies":[{"name":"wp","href":"https:\/\/api.w.org\/{rel}","templated":true}]}}