{"id":1776,"date":"2022-06-02T11:19:14","date_gmt":"2022-06-02T11:19:14","guid":{"rendered":"https:\/\/g3studio.hu\/?page_id=1776"},"modified":"2023-05-15T09:11:08","modified_gmt":"2023-05-15T09:11:08","slug":"szechenyi","status":"publish","type":"page","link":"https:\/\/g3studio.hu\/en\/szechenyi\/","title":{"rendered":"Szechenyi"},"content":{"rendered":"<div data-elementor-type=\"wp-page\" data-elementor-id=\"1776\" class=\"elementor elementor-1776\">\n\t\t\t\t\t\t<section class=\"elementor-section elementor-top-section elementor-element elementor-element-9143721 elementor-section-boxed elementor-section-height-default elementor-section-height-default\" data-id=\"9143721\" data-element_type=\"section\" data-e-type=\"section\">\n\t\t\t\t\t\t<div class=\"elementor-container elementor-column-gap-default\">\n\t\t\t\t\t<div class=\"elementor-column elementor-col-100 elementor-top-column elementor-element elementor-element-91ed707\" data-id=\"91ed707\" data-element_type=\"column\" data-e-type=\"column\">\n\t\t\t<div class=\"elementor-widget-wrap elementor-element-populated\">\n\t\t\t\t\t\t<div class=\"elementor-element elementor-element-1597d47 elementor-widget elementor-widget-image\" data-id=\"1597d47\" data-element_type=\"widget\" data-e-type=\"widget\" data-widget_type=\"image.default\">\n\t\t\t\t<div class=\"elementor-widget-container\">\n\t\t\t\t\t\t\t\t\t\t\t\t\t\t\t<img fetchpriority=\"high\" decoding=\"async\" width=\"750\" height=\"530\" src=\"https:\/\/g3studio.hu\/wp-content\/uploads\/2022\/06\/Ke\u0301pernyo\u030bfoto\u0301-2022-06-03-19.02.25.png\" class=\"attachment-large size-large wp-image-1797\" alt=\"\" srcset=\"https:\/\/g3studio.hu\/wp-content\/uploads\/2022\/06\/Ke\u0301pernyo\u030bfoto\u0301-2022-06-03-19.02.25.png 779w, https:\/\/g3studio.hu\/wp-content\/uploads\/2022\/06\/Ke\u0301pernyo\u030bfoto\u0301-2022-06-03-19.02.25-300x212.png 300w, https:\/\/g3studio.hu\/wp-content\/uploads\/2022\/06\/Ke\u0301pernyo\u030bfoto\u0301-2022-06-03-19.02.25-768x542.png 768w\" sizes=\"(max-width: 750px) 100vw, 750px\" title=\"Ke\u0301pernyo\u030bfoto\u0301 2022 06 03   19 02 25   g3 st\u00fadi\u00f3\" \/>\t\t\t\t\t\t\t\t\t\t\t\t\t\t\t<\/div>\n\t\t\t\t<\/div>\n\t\t\t\t<div class=\"elementor-element elementor-element-f92388c elementor-widget__width-initial elementor-widget elementor-widget-text-editor\" data-id=\"f92388c\" data-element_type=\"widget\" data-e-type=\"widget\" data-widget_type=\"text-editor.default\">\n\t\t\t\t<div class=\"elementor-widget-container\">\n\t\t\t\t\t\t\t\t\t<p><strong>Kedvezm\u00e9nyezett neve: <\/strong><\/p><p><strong>\u00a0\u00a0\u00a0\u00a0\u00a0\u00a0\u00a0\u00a0\u00a0\u00a0\u00a0 <\/strong>One Two Free Szolg\u00e1ltat\u00f3 Korl\u00e1tolt Felel\u0151ss\u00e9g\u0171 T\u00e1rsas\u00e1g<\/p><p><strong>Projekt c\u00edme: <\/strong><\/p><p>Fejleszt\u00e9s az \u00fczleti \u00e9s termel\u00e9si kih\u00edv\u00e1sokhoz a One Two Free Szol\u00e1ltat\u00f3 Kft.-n\u00e9l<\/p><p><strong>Szerz\u0151d\u00f6tt t\u00e1mogat\u00e1s \u00f6sszege: \u00a0\u00a0\u00a0\u00a0\u00a0 <\/strong><\/p><p>26\u00a0600\u00a0000 Ft<\/p><p><strong>T\u00e1mogat\u00e1s m\u00e9rt\u00e9ke: <\/strong><\/p><p>70,00 %<\/p><p><strong>Projekt tartalma: <\/strong><\/p><p>One Two Free Kft (G3 Studio) j\u00f3 ideje a magyar m\u00e9dia, rekl\u00e1m st\u00fadi\u00f3 \u00e9let r\u00e9sztvev\u0151je. Divat \u00e9s kreat\u00edv rekl\u00e1m anyagok fot\u00f3z\u00e1s\u00e1val forgat\u00e1s\u00e1val foglalkozunk. St\u00fadi\u00f3nk, eszk\u00f6zparkunk id\u0151vel elhaszn\u00e1l\u00f3dott ez\u00e9rt \u00faj, er\u0151sebb technik\u00e1val \u00e9s k\u00f6rnyezettel nemzetk\u00f6zi szinten is kimagasl\u00f3 szintre k\u00edv\u00e1njuk emelni a sz\u00ednvonalunkat.<\/p><p>A projekt megval\u00f3s\u00edt\u00e1s\u00e1val a divatszakm\u00e1ban, divat- \u00e9s formatervez\u00e9s ter\u00fclet\u00e9n szeretn\u00e9nk tov\u00e1bb b\u0151v\u00fclni, jelenl\u00e9t\u00fcnket er\u0151s\u00edteni.<\/p><p>Mindehhez komplex beruh\u00e1z\u00e1s sz\u00fcks\u00e9ges, g\u00e9pparkunk \u00e9s k\u00f6rnyezet\u00fcnk fejleszt\u00e9s\u00e9vel a nemzetk\u00f6zi vezet\u0151 szintet tudjuk el\u00e9rni, ez\u00e1ltal lehet\u0151s\u00e9g\u00fcnk lesz felvenni a versenyt a vil\u00e1gpiacon a t\u00f6bbi r\u00e9sztvev\u0151vel. Megfelel\u0151 technikai h\u00e1tt\u00e9rrel hamarabb eredm\u00e9nyeket tudunk produk\u00e1lni, mind kapacit\u00e1sunk mind a munk\u00e1nk min\u0151s\u00e9ge emelkedni tud.<\/p><p>A fejleszt\u00e9ssel r\u00f6vid\u00fclnek munkafolyamatink, magasabb min\u0151s\u00e9gben szolg\u00e1lhatjuk ki a divatszakm\u00e1t, azonnal tudunk eredm\u00e9nyterm\u00e9keket, mint\u00e1kat nyomtatni \u00e9s a legkorszer\u0171bb vil\u00e1g\u00edt\u00e1stechnik\u00e1val, valamint az IT t\u00e1mogatotts\u00e1ggal v\u00e1llalhatjuk nemzetk\u00f6zi megkeres\u00e9seinket.<\/p><p>Fenntarthat\u00f3s\u00e1g \u00e9rv\u00e9nyes\u00fcl\u00e9se: energiamagtakar\u00edt\u00e1s a villamos korszer\u0171s\u00edt\u00e9ssel \u00e9s \u00faj vil\u00e1g\u00edt\u00e1ssal, k\u00f6rnyezetbar\u00e1t nyomtat\u00e1si technol\u00f3gia alkalmaz\u00e1sa, \u00faj IT eszk\u00f6z\u00f6kkel egyes munkafolyamatok tov\u00e1bbi digitaliz\u00e1l\u00e1sa val\u00f3sul meg.<\/p><p><strong>\u00a0<\/strong><\/p><p><strong>Projekt befejez\u00e9si d\u00e1tuma: <\/strong><\/p><p>2022.05.31.<\/p><p><strong>Projekt azonos\u00edt\u00f3 sz\u00e1ma: <\/strong><\/p><p>VEKOP-1.2.7-20-2021-00061<\/p>\t\t\t\t\t\t\t\t<\/div>\n\t\t\t\t<\/div>\n\t\t\t\t<div class=\"elementor-element elementor-element-68bdc52 elementor-widget elementor-widget-image\" data-id=\"68bdc52\" data-element_type=\"widget\" data-e-type=\"widget\" data-widget_type=\"image.default\">\n\t\t\t\t<div class=\"elementor-widget-container\">\n\t\t\t\t\t\t\t\t\t\t\t\t\t\t\t<img decoding=\"async\" width=\"750\" height=\"528\" src=\"https:\/\/g3studio.hu\/wp-content\/uploads\/2022\/06\/Ke\u0301pernyo\u030bfoto\u0301-2022-06-02-13.21.34.png\" class=\"attachment-large size-large wp-image-1779\" alt=\"\" srcset=\"https:\/\/g3studio.hu\/wp-content\/uploads\/2022\/06\/Ke\u0301pernyo\u030bfoto\u0301-2022-06-02-13.21.34.png 778w, https:\/\/g3studio.hu\/wp-content\/uploads\/2022\/06\/Ke\u0301pernyo\u030bfoto\u0301-2022-06-02-13.21.34-300x211.png 300w, https:\/\/g3studio.hu\/wp-content\/uploads\/2022\/06\/Ke\u0301pernyo\u030bfoto\u0301-2022-06-02-13.21.34-768x541.png 768w\" sizes=\"(max-width: 750px) 100vw, 750px\" title=\"Ke\u0301pernyo\u030bfoto\u0301 2022 06 02   13 21 34   g3 st\u00fadi\u00f3\" \/>\t\t\t\t\t\t\t\t\t\t\t\t\t\t\t<\/div>\n\t\t\t\t<\/div>\n\t\t\t\t<div class=\"elementor-element elementor-element-3b5ff6c elementor-widget__width-initial elementor-widget elementor-widget-text-editor\" data-id=\"3b5ff6c\" data-element_type=\"widget\" data-e-type=\"widget\" data-widget_type=\"text-editor.default\">\n\t\t\t\t<div class=\"elementor-widget-container\">\n\t\t\t\t\t\t\t\t\t<p><strong>Kedvezm\u00e9nyezett neve:<\/strong><br \/>One Two Free Szolg\u00e1ltat\u00f3 Korl\u00e1tolt Felel\u0151ss\u00e9g\u0171 T\u00e1rsas\u00e1g<br \/><br \/><strong>Projekt c\u00edme:<\/strong><br \/>A One Two Free Kft. terjeszked\u00e9si strat\u00e9gi\u00e1j\u00e1nak megval\u00f3s\u00edt\u00e1sa<br \/><br \/><strong>Szerz\u0151d\u00f6tt t\u00e1mogat\u00e1s \u00f6sszege:<\/strong><br \/>9 946 248 Ft<br \/><br \/><strong>T\u00e1mogat\u00e1s m\u00e9rt\u00e9ke:<\/strong><br \/>70,00 %<br \/><br \/><strong>Projekt tartalma:<\/strong><br \/>Min\u0151s\u00e9gi szolg\u00e1ltat\u00e1s biztos\u00edt\u00e1s\u00e1hoz megfelel\u0151 eszk\u00f6zparkra van sz\u00fcks\u00e9g, \u00fagymint<br \/>hss vakuk, stand light l\u00e1mp\u00e1k, pro gener\u00e1torok, digit\u00e1lis kamer\u00e1k, \u00e1llv\u00e1nyok, informatikai<br \/>eszk\u00f6z\u00f6k \u00e9s szoftverek. A f\u00e9nyk\u00e9p\u00e9szeti tev\u00e9kenys\u00e9get ig\u00e9nyt\u0151l f\u00fcgg\u0151en k\u00fcls\u0151 vagy bels\u0151<br \/>helysz\u00ednen v\u00e9gezz\u00fck, m\u00edg a k\u00e9sz\u00fclt nyersanyag v\u00e1logat\u00e1s\u00e1t, feldolgoz\u00e1s\u00e1t \u00e9s egy\u00e9b<br \/>ut\u00f3munk\u00e1latokat, sz\u00e1m\u00edt\u00f3g\u00e9pen irod\u00e1nkban.<br \/>Jelenleg is rendelkez\u00fcnk a tev\u00e9kenys\u00e9g v\u00e9gz\u00e9s\u00e9hez sz\u00fcks\u00e9ges eszk\u00f6z\u00f6kkel,<br \/>szoftverekkel, de a folyamatos magas min\u0151s\u00e9g biztos\u00edt\u00e1sa \u00e9rdek\u00e9ben elavult eszk\u00f6zparkunkat<br \/>szeretn\u00e9nk jelen projekt keret\u00e9ben korszer\u0171, a lehet\u0151 legmagasabb min\u0151s\u00e9g\u0171 szolg\u00e1ltat\u00e1s<br \/>ny\u00fajt\u00e1s\u00e1t lehet\u0151v\u00e9 tev\u0151 eszk\u00f6z\u00f6kre cser\u00e9lni.<br \/>Az \u00faj vid\u00e9ki telephely kialak\u00edt\u00e1s\u00e1hoz kapcsol\u00f3d\u00f3an \u00e9s a jelen fejleszt\u00e9s<br \/>eredm\u00e9nyek\u00e9nt v\u00e1rhat\u00f3an megn\u00f6veked\u0151 kereslet kiszolg\u00e1l\u00e1sa \u00e9rdek\u00e9ben, l\u00e9tsz\u00e1munk tov\u00e1bbi<br \/>b\u0151v\u00edt\u00e9s\u00e9t tervezz\u00fck.<\/p><p><br \/><strong>Projekt befejez\u00e9si d\u00e1tuma:<\/strong><br \/>2023.06.15.<br \/><br \/><strong>Projekt azonos\u00edt\u00f3 sz\u00e1ma:<\/strong><br \/>GINOP-1.2.9-20-2021-04973<\/p>\t\t\t\t\t\t\t\t<\/div>\n\t\t\t\t<\/div>\n\t\t\t\t\t<\/div>\n\t\t<\/div>\n\t\t\t\t\t<\/div>\n\t\t<\/section>\n\t\t\t\t<\/div>","protected":false},"excerpt":{"rendered":"<p>Kedvezm\u00e9nyezett neve: \u00a0\u00a0\u00a0\u00a0\u00a0\u00a0\u00a0\u00a0\u00a0\u00a0\u00a0 One Two Free Szolg\u00e1ltat\u00f3 Korl\u00e1tolt Felel\u0151ss\u00e9g\u0171 T\u00e1rsas\u00e1g Projekt c\u00edme: Fejleszt\u00e9s az \u00fczleti \u00e9s termel\u00e9si kih\u00edv\u00e1sokhoz a One Two Free Szol\u00e1ltat\u00f3 Kft.-n\u00e9l Szerz\u0151d\u00f6tt t\u00e1mogat\u00e1s \u00f6sszege: \u00a0\u00a0\u00a0\u00a0\u00a0 26\u00a0600\u00a0000 Ft T\u00e1mogat\u00e1s m\u00e9rt\u00e9ke: 70,00 % Projekt tartalma: One Two Free Kft (G3 Studio) j\u00f3 ideje a magyar m\u00e9dia, rekl\u00e1m st\u00fadi\u00f3 \u00e9let [&hellip;]<\/p>\n","protected":false},"author":8,"featured_media":0,"parent":0,"menu_order":0,"comment_status":"closed","ping_status":"closed","template":"page-templates\/template-pagebuilder-full-width.php","meta":{"footnotes":""},"class_list":["post-1776","page","type-page","status-publish","hentry"],"aioseo_notices":[],"_links":{"self":[{"href":"https:\/\/g3studio.hu\/en\/wp-json\/wp\/v2\/pages\/1776","targetHints":{"allow":["GET"]}}],"collection":[{"href":"https:\/\/g3studio.hu\/en\/wp-json\/wp\/v2\/pages"}],"about":[{"href":"https:\/\/g3studio.hu\/en\/wp-json\/wp\/v2\/types\/page"}],"author":[{"embeddable":true,"href":"https:\/\/g3studio.hu\/en\/wp-json\/wp\/v2\/users\/8"}],"replies":[{"embeddable":true,"href":"https:\/\/g3studio.hu\/en\/wp-json\/wp\/v2\/comments?post=1776"}],"version-history":[{"count":35,"href":"https:\/\/g3studio.hu\/en\/wp-json\/wp\/v2\/pages\/1776\/revisions"}],"predecessor-version":[{"id":2403,"href":"https:\/\/g3studio.hu\/en\/wp-json\/wp\/v2\/pages\/1776\/revisions\/2403"}],"wp:attachment":[{"href":"https:\/\/g3studio.hu\/en\/wp-json\/wp\/v2\/media?parent=1776"}],"curies":[{"name":"wp","href":"https:\/\/api.w.org\/{rel}","templated":true}]}}