{"id":1433,"date":"2022-02-21T06:50:59","date_gmt":"2022-02-21T06:50:59","guid":{"rendered":"https:\/\/g3studio.hu\/?page_id=1433"},"modified":"2026-03-09T10:13:55","modified_gmt":"2026-03-09T08:13:55","slug":"hazi-studio","status":"publish","type":"page","link":"https:\/\/g3studio.hu\/en\/hazi-studio\/","title":{"rendered":"H\u00e1zi st\u00fadi\u00f3"},"content":{"rendered":"<style>\/*! elementor - v3.5.3 - 28-12-2021 *\/\n.elementor-heading-title{padding:0;margin:0;line-height:1}.elementor-widget-heading .elementor-heading-title[class*=elementor-size-]>a{color:inherit;font-size:inherit;line-height:inherit}.elementor-widget-heading .elementor-heading-title.elementor-size-small{font-size:15px}.elementor-widget-heading .elementor-heading-title.elementor-size-medium{font-size:19px}.elementor-widget-heading .elementor-heading-title.elementor-size-large{font-size:29px}.elementor-widget-heading .elementor-heading-title.elementor-size-xl{font-size:39px}.elementor-widget-heading .elementor-heading-title.elementor-size-xxl{font-size:59px}<\/style>\n<h2>\u00c9rezted m\u00e1r, hogy kin\u0151tted a h\u00e1zi st\u00fadi\u00f3 kereteit?<br \/>\n<\/h2>\n<p>Hogy ink\u00e1bb korl\u00e1toznak az otthoni k\u00f6r\u00fclm\u00e9nyek?<br \/>Hogy profibb helysz\u00ednre \u00e9s felszerel\u00e9sre lenne sz\u00fcks\u00e9ged?<\/p>\n<p><img loading=\"lazy\" decoding=\"async\" loading=\"lazy\" src=\"https:\/\/g3studio.hu\/wp-content\/uploads\/2020\/05\/hazi-studio-2-1024x576.jpg\" alt=\"H\u00e1zi st\u00fadi\u00f3 helyett\" width=\"604\" height=\"340\" \/><\/p>\n<p>Egy otthon kialak\u00edtott st\u00fadi\u00f3n\u00e1l nem tudunk megfelel\u0151 min\u0151s\u00e9get produk\u00e1lni. A szomsz\u00e9d hangos vagy \u00e9ppen flexel, vagy \u00e9pp nem olyanok a f\u00e9nyek, mint amire sz\u00fcks\u00e9ged lenne, de tal\u00e1n a nappaliban sincs el\u00e9g hely, hogy online \u00f3r\u00e1t tarts.<\/p>\n<p>N\u00e1lunk egy online TV st\u00fadi\u00f3t vehetsz ig\u00e9nybe egy egyszer\u0171 teremb\u00e9rl\u00e9s \u00e1r\u00e1\u00e9rt!<\/p>\n<p>Egy otthon kialak\u00edtott st\u00fadi\u00f3n\u00e1l nem tudunk megfelel\u0151 min\u0151s\u00e9get produk\u00e1lni. A szomsz\u00e9d hangos vagy \u00e9ppen flexel, vagy \u00e9pp nem olyanok a f\u00e9nyek, mint amire sz\u00fcks\u00e9ged lenne, de tal\u00e1n a nappaliban sincs el\u00e9g hely, hogy online \u00f3r\u00e1t tarts.<\/p>\n<p>N\u00e1lunk egy online TV st\u00fadi\u00f3t vehetsz ig\u00e9nybe egy egyszer\u0171 teremb\u00e9rl\u00e9s \u00e1r\u00e1\u00e9rt!<\/p>\n<h2>Mi\u00e9rt t\u00f6k\u00e9letes k\u00f6zvet\u00edt\u00e9s helysz\u00edn a G3 st\u00fadi\u00f3?<\/h2>\n<ul>\n<li>streamel\u00e9shez is ide\u00e1lis, zavartalan netkapcsolatot haszn\u00e1lhatsz<\/li>\n<li>n\u00e1lunk a b\u00e9relt id\u0151ben csakis a te feladatodra koncentr\u00e1lunk, nincsenek zavar\u00f3 k\u00f6r\u00fclm\u00e9nyek, v\u00e1ratlan megszak\u00edt\u00e1sok<\/li>\n<li>a b\u00e9rl\u00e9st igaz\u00edthatod a saj\u00e1t \u00e9letritmusodhoz \u00e9s ak\u00e1r \u00e9jjel is dolgozhatsz n\u00e1lunk<\/li>\n<li>profi k\u00f6r\u00fclm\u00e9nyek k\u00f6zt t\u00e1gas t\u00e9rben dolgozhatsz<\/li>\n<li>sz\u00e1mos h\u00e1tt\u00e9r \u00e9s vil\u00e1g\u00edt\u00e1s k\u00f6z\u00fcl v\u00e1laszthatsz, mindig \u00e9pp olyat, amilyenre sz\u00fcks\u00e9ged van, de nem neked kell t\u00e1rolnod \u0151ket, \u00e9s karbantart\u00e1sukr\u00f3l is mi gondoskodunk<\/li>\n<li>sminkhelys\u00e9g, \u00f6lt\u00f6z\u0151 \u00e9s k\u00fcl\u00f6n pihen\u0151 is rendelkez\u00e9sedre \u00e1ll<\/li>\n<li>t\u00f6megk\u00f6zleked\u00e9ssel j\u00f3l el\u00e9rhet\u0151 helyen v\u00e1runk, de a k\u00f6zelben rendelkez\u00e9sre \u00e1ll \u0151rz\u00f6tt parkol\u00f3 is<\/li>\n<\/ul>\n<p>Fot\u00f3sok vagyunk, pontosan eml\u00e9ksz\u00fcnk, milyen is volt az els\u0151 h\u00e1zi sz\u00e1rnypr\u00f3b\u00e1lgat\u00e1sok ut\u00e1n tov\u00e1bbl\u00e9pni. A G3 online st\u00fadi\u00f3ban rendszeresen zajlik profi munka, \u00edgy a k\u00f6r\u00fclm\u00e9nyek adottak, hogy kipr\u00f3b\u00e1ld magad, \u00e9s nem kell r\u00f6gt\u00f6n egy komplett TV st\u00fadi\u00f3t kib\u00e9relned hozz\u00e1.<\/p>\n<h2>Mi mindent ny\u00fajt a G3 online st\u00fadi\u00f3?<\/h2>\n<ul>\n<li><strong>felv\u00e9telek, interj\u00fak, m\u0171sorok<\/strong>\n<ul>\n<li>profi felszerel\u00e9s\u00fcnk ig\u00e9nybev\u00e9tel\u00e9vel filmst\u00fadi\u00f3 min\u0151s\u00e9g\u0171 felv\u00e9teleket k\u00e9sz\u00edthetsz<\/li>\n<\/ul>\n<\/li>\n<li><strong>streamel\u00e9s, live ad\u00e1sok<\/strong>\n<ul>\n<li>A teremb\u00e9rl\u00e9s streamel\u00e9shez is t\u00f6k\u00e9letesen alkalmas, stabil, sz\u00e9less\u00e1v\u00fa internet\u00fcnk synology mash pontokkal van biztos\u00edtva, \u00edgy ak\u00e1r live online st\u00fadi\u00f3z\u00e1sra is v\u00e1llalkozhatsz<\/li>\n<\/ul>\n<\/li>\n<li><strong>exclusive b\u00e9rl\u00e9s<\/strong>\n<ul>\n<li>ilyenkor csak te tart\u00f3zkodsz a st\u00fadi\u00f3ban \u00e9s senki m\u00e1s rajtad k\u00edv\u00fcl, ami p\u00e9ld\u00e1ul a hasznos hangfelv\u00e9telekhez elengedhetetlen<\/li>\n<\/ul>\n<\/li>\n<li><strong>greenbox st\u00fadi\u00f3<\/strong>\n<ul>\n<li>ha a projektedhez vagy csak bizonyos snittekhez z\u00f6ld h\u00e1tt\u00e9rre van sz\u00fcks\u00e9ged, vedd ig\u00e9nybe\u00a0<a href=\"https:\/\/g3studio.hu\/greenbox-studio\/\">greenbox st\u00fadi\u00f3<\/a>\u00a0szolg\u00e1ltat\u00e1sainkat!<\/li>\n<\/ul>\n<\/li>\n<li><strong>profi felszerel\u00e9s<\/strong>\n<ul>\n<li>sz\u00e1mos pap\u00edr \u00e9s v\u00e1szon h\u00e1tteret, k\u00fcl\u00f6nf\u00e9le vil\u00e1g\u00edt\u00f3eszk\u00f6z\u00f6ket, f\u00e9nyform\u00e1l\u00f3kat tudunk biztos\u00edtani, n\u00e9zz sz\u00e9t ingyenes, illetve t\u00e9r\u00edt\u00e9smentes\u00a0<a href=\"https:\/\/g3studio.hu\/foto-studio-berles\/\">felszerel\u00e9seink<\/a>\u00a0k\u00f6zt<\/li>\n<\/ul>\n<\/li>\n<\/ul>\n<h2>B\u00e9relj profi online TV st\u00fadi\u00f3t egy teremb\u00e9rl\u00e9s \u00e1r\u00e1\u00e9rt!<\/h2>\n<p>Ha szeretn\u00e9l a st\u00fadi\u00f3 otthoni megold\u00e1sai vagy az otthon streamel\u00e9s ut\u00e1n tov\u00e1bbl\u00e9pni, \u00e9s egy olyan online st\u00fadi\u00f3ban dolgozni, ahol profi vil\u00e1g\u00edt\u00e1stechnik\u00e1t \u00e9s h\u00e1tteret vehetsz ig\u00e9nybe, akkor vedd fel vel\u00fcnk a kapcsolatot!<\/p>\n<p><b>NON STOP nyitva tartunk!<\/b><\/p>\n<p><b>H\u00edvj minket vagy \u00edrj nek\u00fcnk \u00e9s foglalj min\u00e9l el\u0151bb!<\/b><b><br \/><\/b><b><br \/><\/b>Helysz\u00edn: Budapest XIII ker\u00fclet, Taksony utca 1.<br \/>Telefonsz\u00e1m:\u00a0<a href=\"tel:+36 20 928 6640\"><b>+36 20 928 6640<\/b><b><br \/><\/b><\/a>Email:\u00a0<a href=\"mailto:g3studiobp@gmail.com\">g3studiobp@gmail.com<\/a><br \/>Web:\u00a0<a href=\"https:\/\/g3studio.hu\/\">Fot\u00f3st\u00fadi\u00f3<\/a><\/p>\n","protected":false},"excerpt":{"rendered":"<p>\u00c9rezted m\u00e1r, hogy kin\u0151tted a h\u00e1zi st\u00fadi\u00f3 kereteit? Hogy ink\u00e1bb korl\u00e1toznak az otthoni k\u00f6r\u00fclm\u00e9nyek?Hogy profibb helysz\u00ednre \u00e9s felszerel\u00e9sre lenne sz\u00fcks\u00e9ged? Egy otthon kialak\u00edtott st\u00fadi\u00f3n\u00e1l nem tudunk megfelel\u0151 min\u0151s\u00e9get produk\u00e1lni. A szomsz\u00e9d hangos vagy \u00e9ppen flexel, vagy \u00e9pp nem olyanok a f\u00e9nyek, mint amire sz\u00fcks\u00e9ged lenne, de tal\u00e1n a nappaliban sincs [&hellip;]<\/p>\n","protected":false},"author":8,"featured_media":0,"parent":0,"menu_order":0,"comment_status":"closed","ping_status":"closed","template":"page-templates\/template-pagebuilder-full-width.php","meta":{"footnotes":""},"class_list":["post-1433","page","type-page","status-publish","hentry"],"aioseo_notices":[],"_links":{"self":[{"href":"https:\/\/g3studio.hu\/en\/wp-json\/wp\/v2\/pages\/1433","targetHints":{"allow":["GET"]}}],"collection":[{"href":"https:\/\/g3studio.hu\/en\/wp-json\/wp\/v2\/pages"}],"about":[{"href":"https:\/\/g3studio.hu\/en\/wp-json\/wp\/v2\/types\/page"}],"author":[{"embeddable":true,"href":"https:\/\/g3studio.hu\/en\/wp-json\/wp\/v2\/users\/8"}],"replies":[{"embeddable":true,"href":"https:\/\/g3studio.hu\/en\/wp-json\/wp\/v2\/comments?post=1433"}],"version-history":[{"count":7,"href":"https:\/\/g3studio.hu\/en\/wp-json\/wp\/v2\/pages\/1433\/revisions"}],"predecessor-version":[{"id":1440,"href":"https:\/\/g3studio.hu\/en\/wp-json\/wp\/v2\/pages\/1433\/revisions\/1440"}],"wp:attachment":[{"href":"https:\/\/g3studio.hu\/en\/wp-json\/wp\/v2\/media?parent=1433"}],"curies":[{"name":"wp","href":"https:\/\/api.w.org\/{rel}","templated":true}]}}